{"id":2360,"date":"2024-12-30T22:33:20","date_gmt":"2024-12-30T21:33:20","guid":{"rendered":"https:\/\/www.diesattlerin.at\/2020\/?post_type=product&#038;p=2360"},"modified":"2024-12-30T22:40:15","modified_gmt":"2024-12-30T21:40:15","slug":"ikonic-evolution-d02-monoblatt-dressursattel","status":"publish","type":"product","link":"https:\/\/www.diesattlerin.at\/2020\/produkt\/ikonic-evolution-d02-monoblatt-dressursattel\/","title":{"rendered":"Ikonic Evolution D02 Monoblatt Dressursattel"},"content":{"rendered":"<p dir=\"ltr\">Seltene Gelegenheit: Iconic Evo D02 Monoblatt Sattel in Sonderfarbe Hellbraun \u2013 nur aktuell 2 Mal weltweit gefertigt!<\/p>\n<p>Dieser exklusive Iconic Evo D02 Monoblatt Sattel ist ein absolutes Unikat in einer seltenen Sonderfarbe: Hellbraun. Weltweit wurden nur zwei St\u00fcck in dieser Farbe gefertigt.<\/p>\n<p>Produkteigenschaften:<\/p>\n<p>Sitzfl\u00e4che: 17,5 Zoll<br \/>\nSattelblatt: Mit Vorschnitt f\u00fcr eine flexible Beinhaltung.<\/p>\n<p>Kammerweite: Mittel (33\/34) \u2013 \u00fcber das Kopfeisen individuell anpassbar.<\/p>\n<p>Kissenf\u00fcllung: Hochwertige synthetische Wolle f\u00fcr perfekte Anpassung an den Pferder\u00fccken.<\/p>\n<p>Passform: je nach Wunsch an sehr viele pferdetypen anpassbar am besten liegen die Modelle von Ikonic aber auf eher breiteren Pferdetypen.<\/p>\n<p>Kissen: Kurze Kissen, die eine gleichm\u00e4\u00dfige Druckverteilung garantieren.<\/p>\n<p>Pauschen: Anatomisch geformt, aufgesetzt<\/p>\n<p>Sitz: Tiefer Sitz f\u00fcr ein sicheres und bequemes Reitgef\u00fchl.<\/p>\n<p>Gurtung: Lange V-Gurtung f\u00fcr eine stabile Lage des Sattels.<\/p>\n<p>Material &amp; Zustand:<\/p>\n<p>Leder: Hochwertiges Kalbsleder, das f\u00fcr seine Langlebigkeit und weiche Haptik bekannt ist.<\/p>\n<p>Farbe: Einzigartige Sonderfarbe Hellbraun \u2013 eine wahre Rarit\u00e4t.<\/p>\n<p>Zustand: Gebraucht, aber in hervorragendem Zustand.<\/p>\n<p>Verkaufspreis: \u20ac1900<\/p>\n<p>Nutze diese seltene Gelegenheit und g\u00f6nne dir einen Sattel, der nicht nur durch seine Funktionalit\u00e4t, sondern auch durch seine Einzigartigkeit besticht. Der Iconic Evo D02 Monoblatt Sattel in Hellbraun ist ideal f\u00fcr Reiter, die Wert auf Exklusivit\u00e4t und Qualit\u00e4t legen.<\/p>\n","protected":false},"excerpt":{"rendered":"<div class=\"flex flex-grow flex-col max-w-full\">\n<div class=\"min-h-[20px] text-message flex w-full flex-col items-end gap-2 whitespace-pre-wrap break-words [.text-message+&amp;]:mt-5 overflow-x-auto\" dir=\"auto\" data-message-author-role=\"user\" data-message-id=\"aaa27159-eafc-431a-8331-d63d5c594cf7\">\n<div class=\"flex w-full flex-col gap-1 empty:hidden items-end rtl:items-start\">\n<div class=\"relative max-w-[70%] rounded-3xl bg-[#f4f4f4] px-5 py-2.5 dark:bg-token-main-surface-secondary\">\n<div class=\"absolute bottom-0 right-full top-0 -mr-3.5 hidden pr-5 pt-1 [.group\/conversation-turn:hover_&amp;]:block\">\n<p><strong>Bitte Verf\u00fcgbarkeit vorab anfragen \u2013 t\u00e4gliche Bestands\u00e4nderungen<\/strong><\/p>\n<p>Unser Lager umfasst \u00fcber <strong>800 S\u00e4ttel<\/strong> verschiedener Marken, Modelle und Ausf\u00fchrungen. Da unser Sortiment t\u00e4glich aktualisiert wird und unsere Systeme nicht automatisch synchronisiert sind, kann es vorkommen, dass ein angezeigter Sattel bereits verkauft ist oder neue Modelle noch nicht online verf\u00fcgbar sind.<\/p>\n<p>Um sicherzustellen, dass Ihr Wunschsattel noch verf\u00fcgbar ist, bitten wir Sie, <strong>vorab eine Verf\u00fcgbarkeitsanfrage<\/strong> zu stellen. Nutzen Sie dazu einfach unser Anfrageformular.<\/p>\n<p>Wir stehen Ihnen gerne zur Verf\u00fcgung, um Ihre Suche nach dem perfekten Sattel zu unterst\u00fctzen und Ihnen eine Auswahl aus unserem aktuellen Bestand vorzuschlagen.<\/p>\n<p>\ud83d\udc49 <strong>Kontaktieren Sie uns noch heute und sichern Sie sich Ihren Traumsattel!<\/strong><\/p>\n<\/div>\n<\/div>\n<\/div>\n<\/div>\n<\/div>\n<div class=\"mt-1 flex gap-3 empty:hidden mr-1 flex-row-reverse\">\n<div class=\"items-center justify-start rounded-xl p-1 flex\">\n<div class=\"flex items-center justify-center rounded-lg text-token-text-secondary\">\n<div class=\"px-0.5 text-sm font-semibold tabular-nums\"><\/div>\n<\/div>\n<\/div>\n<\/div>\n","protected":false},"featured_media":2365,"comment_status":"open","ping_status":"closed","template":"","meta":[],"product_brand":[],"product_cat":[185,182],"product_tag":[193,190,184,109,203,202,197,198,194,196,191,192,195],"class_list":{"0":"post-2360","1":"product","2":"type-product","3":"status-publish","4":"has-post-thumbnail","6":"product_cat-dressursaettel","7":"product_cat-saettel","8":"product_tag-diesattlerin","9":"product_tag-dressur","10":"product_tag-dressursattel","11":"product_tag-ikonic","12":"product_tag-kentaur","13":"product_tag-passier","14":"product_tag-prestige","15":"product_tag-prestigesattel","16":"product_tag-sattel","17":"product_tag-sommersattel","18":"product_tag-springen","19":"product_tag-springsattel","20":"product_tag-wanderreiten","22":"first","23":"instock","24":"purchasable","25":"product-type-simple"},"yoast_head":"<!-- This site is optimized with the Yoast SEO plugin v24.7 - https:\/\/yoast.com\/wordpress\/plugins\/seo\/ -->\n<title>Ikonic Evolution D02 Monoblatt Dressursattel &#187; Die Sattlerin.at<\/title>\n<meta name=\"robots\" content=\"index, follow, max-snippet:-1, max-image-preview:large, max-video-preview:-1\" \/>\n<link rel=\"canonical\" href=\"https:\/\/www.diesattlerin.at\/2020\/produkt\/ikonic-evolution-d02-monoblatt-dressursattel\/\" \/>\n<meta property=\"og:locale\" content=\"de_DE\" \/>\n<meta property=\"og:type\" content=\"article\" \/>\n<meta property=\"og:title\" content=\"Ikonic Evolution D02 Monoblatt Dressursattel &#187; Die Sattlerin.at\" \/>\n<meta property=\"og:description\" content=\"Bitte Verf\u00fcgbarkeit vorab anfragen \u2013 t\u00e4gliche Bestands\u00e4nderungen  Unser Lager umfasst \u00fcber 800 S\u00e4ttel verschiedener Marken, Modelle und Ausf\u00fchrungen. Da unser Sortiment t\u00e4glich aktualisiert wird und unsere Systeme nicht automatisch synchronisiert sind, kann es vorkommen, dass ein angezeigter Sattel bereits verkauft ist oder neue Modelle noch nicht online verf\u00fcgbar sind.  Um sicherzustellen, dass Ihr Wunschsattel noch verf\u00fcgbar ist, bitten wir Sie, vorab eine Verf\u00fcgbarkeitsanfrage zu stellen. Nutzen Sie dazu einfach unser Anfrageformular.  Wir stehen Ihnen gerne zur Verf\u00fcgung, um Ihre Suche nach dem perfekten Sattel zu unterst\u00fctzen und Ihnen eine Auswahl aus unserem aktuellen Bestand vorzuschlagen.  \ud83d\udc49 Kontaktieren Sie uns noch heute und sichern Sie sich Ihren Traumsattel!\" \/>\n<meta property=\"og:url\" content=\"https:\/\/www.diesattlerin.at\/2020\/produkt\/ikonic-evolution-d02-monoblatt-dressursattel\/\" \/>\n<meta property=\"og:site_name\" content=\"Die Sattlerin.at\" \/>\n<meta property=\"article:modified_time\" content=\"2024-12-30T21:40:15+00:00\" \/>\n<meta property=\"og:image\" content=\"https:\/\/www.diesattlerin.at\/2020\/wp-content\/uploads\/2024\/12\/1728498922808-scaled.jpg\" \/>\n\t<meta property=\"og:image:width\" content=\"2560\" \/>\n\t<meta property=\"og:image:height\" content=\"1440\" \/>\n\t<meta property=\"og:image:type\" content=\"image\/jpeg\" \/>\n<meta name=\"twitter:card\" content=\"summary_large_image\" \/>\n<meta name=\"twitter:label1\" content=\"Gesch\u00e4tzte Lesezeit\" \/>\n\t<meta name=\"twitter:data1\" content=\"2\u00a0Minuten\" \/>\n<script type=\"application\/ld+json\" class=\"yoast-schema-graph\">{\"@context\":\"https:\/\/schema.org\",\"@graph\":[{\"@type\":\"WebPage\",\"@id\":\"https:\/\/www.diesattlerin.at\/2020\/produkt\/ikonic-evolution-d02-monoblatt-dressursattel\/\",\"url\":\"https:\/\/www.diesattlerin.at\/2020\/produkt\/ikonic-evolution-d02-monoblatt-dressursattel\/\",\"name\":\"Ikonic Evolution D02 Monoblatt Dressursattel &#187; Die Sattlerin.at\",\"isPartOf\":{\"@id\":\"https:\/\/www.diesattlerin.at\/2020\/#website\"},\"primaryImageOfPage\":{\"@id\":\"https:\/\/www.diesattlerin.at\/2020\/produkt\/ikonic-evolution-d02-monoblatt-dressursattel\/#primaryimage\"},\"image\":{\"@id\":\"https:\/\/www.diesattlerin.at\/2020\/produkt\/ikonic-evolution-d02-monoblatt-dressursattel\/#primaryimage\"},\"thumbnailUrl\":\"https:\/\/www.diesattlerin.at\/2020\/wp-content\/uploads\/2024\/12\/1728498922808-scaled.jpg\",\"datePublished\":\"2024-12-30T21:33:20+00:00\",\"dateModified\":\"2024-12-30T21:40:15+00:00\",\"breadcrumb\":{\"@id\":\"https:\/\/www.diesattlerin.at\/2020\/produkt\/ikonic-evolution-d02-monoblatt-dressursattel\/#breadcrumb\"},\"inLanguage\":\"de\",\"potentialAction\":[{\"@type\":\"ReadAction\",\"target\":[\"https:\/\/www.diesattlerin.at\/2020\/produkt\/ikonic-evolution-d02-monoblatt-dressursattel\/\"]}]},{\"@type\":\"ImageObject\",\"inLanguage\":\"de\",\"@id\":\"https:\/\/www.diesattlerin.at\/2020\/produkt\/ikonic-evolution-d02-monoblatt-dressursattel\/#primaryimage\",\"url\":\"https:\/\/www.diesattlerin.at\/2020\/wp-content\/uploads\/2024\/12\/1728498922808-scaled.jpg\",\"contentUrl\":\"https:\/\/www.diesattlerin.at\/2020\/wp-content\/uploads\/2024\/12\/1728498922808-scaled.jpg\",\"width\":2560,\"height\":1440},{\"@type\":\"BreadcrumbList\",\"@id\":\"https:\/\/www.diesattlerin.at\/2020\/produkt\/ikonic-evolution-d02-monoblatt-dressursattel\/#breadcrumb\",\"itemListElement\":[{\"@type\":\"ListItem\",\"position\":1,\"name\":\"Startseite\",\"item\":\"https:\/\/www.diesattlerin.at\/2020\/\"},{\"@type\":\"ListItem\",\"position\":2,\"name\":\"Shop\",\"item\":\"https:\/\/www.diesattlerin.at\/2020\/shop\/\"},{\"@type\":\"ListItem\",\"position\":3,\"name\":\"Ikonic Evolution D02 Monoblatt Dressursattel\"}]},{\"@type\":\"WebSite\",\"@id\":\"https:\/\/www.diesattlerin.at\/2020\/#website\",\"url\":\"https:\/\/www.diesattlerin.at\/2020\/\",\"name\":\"DieSattlerin.at\",\"description\":\"F\u00fcr die peferkte Verbindung zwischen Pferd und Reiter\",\"publisher\":{\"@id\":\"https:\/\/www.diesattlerin.at\/2020\/#\/schema\/person\/b2e347c8d990b2c6625ad3406dab25ae\"},\"potentialAction\":[{\"@type\":\"SearchAction\",\"target\":{\"@type\":\"EntryPoint\",\"urlTemplate\":\"https:\/\/www.diesattlerin.at\/2020\/?s={search_term_string}\"},\"query-input\":{\"@type\":\"PropertyValueSpecification\",\"valueRequired\":true,\"valueName\":\"search_term_string\"}}],\"inLanguage\":\"de\"},{\"@type\":[\"Person\",\"Organization\"],\"@id\":\"https:\/\/www.diesattlerin.at\/2020\/#\/schema\/person\/b2e347c8d990b2c6625ad3406dab25ae\",\"name\":\"Theresa Stern\",\"image\":{\"@type\":\"ImageObject\",\"inLanguage\":\"de\",\"@id\":\"https:\/\/www.diesattlerin.at\/2020\/#\/schema\/person\/image\/\",\"url\":\"https:\/\/secure.gravatar.com\/avatar\/2ace1a28597fedd70ab057b04196cc48c92122397db6802ce72950f59c7e4f35?s=96&d=mm&r=g\",\"contentUrl\":\"https:\/\/secure.gravatar.com\/avatar\/2ace1a28597fedd70ab057b04196cc48c92122397db6802ce72950f59c7e4f35?s=96&d=mm&r=g\",\"caption\":\"Theresa Stern\"},\"logo\":{\"@id\":\"https:\/\/www.diesattlerin.at\/2020\/#\/schema\/person\/image\/\"}}]}<\/script>\n<!-- \/ Yoast SEO plugin. -->","yoast_head_json":{"title":"Ikonic Evolution D02 Monoblatt Dressursattel &#187; Die Sattlerin.at","robots":{"index":"index","follow":"follow","max-snippet":"max-snippet:-1","max-image-preview":"max-image-preview:large","max-video-preview":"max-video-preview:-1"},"canonical":"https:\/\/www.diesattlerin.at\/2020\/produkt\/ikonic-evolution-d02-monoblatt-dressursattel\/","og_locale":"de_DE","og_type":"article","og_title":"Ikonic Evolution D02 Monoblatt Dressursattel &#187; Die Sattlerin.at","og_description":"Bitte Verf\u00fcgbarkeit vorab anfragen \u2013 t\u00e4gliche Bestands\u00e4nderungen  Unser Lager umfasst \u00fcber 800 S\u00e4ttel verschiedener Marken, Modelle und Ausf\u00fchrungen. Da unser Sortiment t\u00e4glich aktualisiert wird und unsere Systeme nicht automatisch synchronisiert sind, kann es vorkommen, dass ein angezeigter Sattel bereits verkauft ist oder neue Modelle noch nicht online verf\u00fcgbar sind.  Um sicherzustellen, dass Ihr Wunschsattel noch verf\u00fcgbar ist, bitten wir Sie, vorab eine Verf\u00fcgbarkeitsanfrage zu stellen. Nutzen Sie dazu einfach unser Anfrageformular.  Wir stehen Ihnen gerne zur Verf\u00fcgung, um Ihre Suche nach dem perfekten Sattel zu unterst\u00fctzen und Ihnen eine Auswahl aus unserem aktuellen Bestand vorzuschlagen.  \ud83d\udc49 Kontaktieren Sie uns noch heute und sichern Sie sich Ihren Traumsattel!","og_url":"https:\/\/www.diesattlerin.at\/2020\/produkt\/ikonic-evolution-d02-monoblatt-dressursattel\/","og_site_name":"Die Sattlerin.at","article_modified_time":"2024-12-30T21:40:15+00:00","og_image":[{"width":2560,"height":1440,"url":"https:\/\/www.diesattlerin.at\/2020\/wp-content\/uploads\/2024\/12\/1728498922808-scaled.jpg","type":"image\/jpeg"}],"twitter_card":"summary_large_image","twitter_misc":{"Gesch\u00e4tzte Lesezeit":"2\u00a0Minuten"},"schema":{"@context":"https:\/\/schema.org","@graph":[{"@type":"WebPage","@id":"https:\/\/www.diesattlerin.at\/2020\/produkt\/ikonic-evolution-d02-monoblatt-dressursattel\/","url":"https:\/\/www.diesattlerin.at\/2020\/produkt\/ikonic-evolution-d02-monoblatt-dressursattel\/","name":"Ikonic Evolution D02 Monoblatt Dressursattel &#187; Die Sattlerin.at","isPartOf":{"@id":"https:\/\/www.diesattlerin.at\/2020\/#website"},"primaryImageOfPage":{"@id":"https:\/\/www.diesattlerin.at\/2020\/produkt\/ikonic-evolution-d02-monoblatt-dressursattel\/#primaryimage"},"image":{"@id":"https:\/\/www.diesattlerin.at\/2020\/produkt\/ikonic-evolution-d02-monoblatt-dressursattel\/#primaryimage"},"thumbnailUrl":"https:\/\/www.diesattlerin.at\/2020\/wp-content\/uploads\/2024\/12\/1728498922808-scaled.jpg","datePublished":"2024-12-30T21:33:20+00:00","dateModified":"2024-12-30T21:40:15+00:00","breadcrumb":{"@id":"https:\/\/www.diesattlerin.at\/2020\/produkt\/ikonic-evolution-d02-monoblatt-dressursattel\/#breadcrumb"},"inLanguage":"de","potentialAction":[{"@type":"ReadAction","target":["https:\/\/www.diesattlerin.at\/2020\/produkt\/ikonic-evolution-d02-monoblatt-dressursattel\/"]}]},{"@type":"ImageObject","inLanguage":"de","@id":"https:\/\/www.diesattlerin.at\/2020\/produkt\/ikonic-evolution-d02-monoblatt-dressursattel\/#primaryimage","url":"https:\/\/www.diesattlerin.at\/2020\/wp-content\/uploads\/2024\/12\/1728498922808-scaled.jpg","contentUrl":"https:\/\/www.diesattlerin.at\/2020\/wp-content\/uploads\/2024\/12\/1728498922808-scaled.jpg","width":2560,"height":1440},{"@type":"BreadcrumbList","@id":"https:\/\/www.diesattlerin.at\/2020\/produkt\/ikonic-evolution-d02-monoblatt-dressursattel\/#breadcrumb","itemListElement":[{"@type":"ListItem","position":1,"name":"Startseite","item":"https:\/\/www.diesattlerin.at\/2020\/"},{"@type":"ListItem","position":2,"name":"Shop","item":"https:\/\/www.diesattlerin.at\/2020\/shop\/"},{"@type":"ListItem","position":3,"name":"Ikonic Evolution D02 Monoblatt Dressursattel"}]},{"@type":"WebSite","@id":"https:\/\/www.diesattlerin.at\/2020\/#website","url":"https:\/\/www.diesattlerin.at\/2020\/","name":"DieSattlerin.at","description":"F\u00fcr die peferkte Verbindung zwischen Pferd und Reiter","publisher":{"@id":"https:\/\/www.diesattlerin.at\/2020\/#\/schema\/person\/b2e347c8d990b2c6625ad3406dab25ae"},"potentialAction":[{"@type":"SearchAction","target":{"@type":"EntryPoint","urlTemplate":"https:\/\/www.diesattlerin.at\/2020\/?s={search_term_string}"},"query-input":{"@type":"PropertyValueSpecification","valueRequired":true,"valueName":"search_term_string"}}],"inLanguage":"de"},{"@type":["Person","Organization"],"@id":"https:\/\/www.diesattlerin.at\/2020\/#\/schema\/person\/b2e347c8d990b2c6625ad3406dab25ae","name":"Theresa Stern","image":{"@type":"ImageObject","inLanguage":"de","@id":"https:\/\/www.diesattlerin.at\/2020\/#\/schema\/person\/image\/","url":"https:\/\/secure.gravatar.com\/avatar\/2ace1a28597fedd70ab057b04196cc48c92122397db6802ce72950f59c7e4f35?s=96&d=mm&r=g","contentUrl":"https:\/\/secure.gravatar.com\/avatar\/2ace1a28597fedd70ab057b04196cc48c92122397db6802ce72950f59c7e4f35?s=96&d=mm&r=g","caption":"Theresa Stern"},"logo":{"@id":"https:\/\/www.diesattlerin.at\/2020\/#\/schema\/person\/image\/"}}]}},"_links":{"self":[{"href":"https:\/\/www.diesattlerin.at\/2020\/wp-json\/wp\/v2\/product\/2360","targetHints":{"allow":["GET"]}}],"collection":[{"href":"https:\/\/www.diesattlerin.at\/2020\/wp-json\/wp\/v2\/product"}],"about":[{"href":"https:\/\/www.diesattlerin.at\/2020\/wp-json\/wp\/v2\/types\/product"}],"replies":[{"embeddable":true,"href":"https:\/\/www.diesattlerin.at\/2020\/wp-json\/wp\/v2\/comments?post=2360"}],"wp:featuredmedia":[{"embeddable":true,"href":"https:\/\/www.diesattlerin.at\/2020\/wp-json\/wp\/v2\/media\/2365"}],"wp:attachment":[{"href":"https:\/\/www.diesattlerin.at\/2020\/wp-json\/wp\/v2\/media?parent=2360"}],"wp:term":[{"taxonomy":"product_brand","embeddable":true,"href":"https:\/\/www.diesattlerin.at\/2020\/wp-json\/wp\/v2\/product_brand?post=2360"},{"taxonomy":"product_cat","embeddable":true,"href":"https:\/\/www.diesattlerin.at\/2020\/wp-json\/wp\/v2\/product_cat?post=2360"},{"taxonomy":"product_tag","embeddable":true,"href":"https:\/\/www.diesattlerin.at\/2020\/wp-json\/wp\/v2\/product_tag?post=2360"}],"curies":[{"name":"wp","href":"https:\/\/api.w.org\/{rel}","templated":true}]}}