{"id":2340,"date":"2024-12-30T13:53:20","date_gmt":"2024-12-30T12:53:20","guid":{"rendered":"https:\/\/www.diesattlerin.at\/2020\/?post_type=product&#038;p=2340"},"modified":"2024-12-30T14:02:07","modified_gmt":"2024-12-30T13:02:07","slug":"passier-abs-dressursattel","status":"publish","type":"product","link":"https:\/\/www.diesattlerin.at\/2020\/produkt\/passier-abs-dressursattel\/","title":{"rendered":"Passier ABS Dressursattel"},"content":{"rendered":"<p dir=\"ltr\">Der Passier abs Dressursattel ist bekannt f\u00fcr seinen perfekten Sitz und seine Anpassungsf\u00e4higkeit an verschiedene Pferdetypen. Dank einer speziellen Vorgurtstrippe bleibt der Sattel in optimaler Position und verhindert ein Vorrutschen auf die Schulter, was die Bewegungsfreiheit des Pferdes f\u00f6rdert. Das Sattelkissen bietet zudem erh\u00f6hte Widerristfreiheit, wodurch der Sattel besonders pferdefreundlich ist.<\/p>\n<p>Produktdetails:<\/p>\n<p>Sitzfl\u00e4che: 17 Zoll<\/p>\n<p>Sattelblatt: Mit Vorschnitt<\/p>\n<p>Kammerweite: Mittel (33\/34 M)<\/p>\n<p>Kissenf\u00fcllung: Wolle<\/p>\n<p>Farbe: Schwarz<\/p>\n<p>Passform: Ideal f\u00fcr runde Pferde sowie Pferde mit hohem Widerrist; bietet optimale Schulterfreiheit<\/p>\n<p>Zustand: Guter gebrauchter Zustand<\/p>\n<p>Leder: Hochwertiges Rindsleder<\/p>\n<p>Kissen: Kurze Kissen<\/p>\n<p>Pauschen: Gro\u00df<\/p>\n<p>Sitz: Halbtief bis tief<\/p>\n<p>Gurtung: Lange Gurtung<\/p>\n<p>Preis: 1990 \u20ac<\/p>\n<p>Standort: A-3385<\/p>\n<p>Dieser Sattel eignet sich hervorragend f\u00fcr Reiter, die Wert auf Komfort und eine optimale Passform f\u00fcr ihr Pferd legen. Die Kombination aus tiefem Sitz und gro\u00dfen Pauschen bietet dem Reiter zus\u00e4tzlichen Halt und Sicherheit. Das hochwertige Rindsleder gew\u00e4hrleistet Langlebigkeit und ein angenehmes Reitgef\u00fchl.<\/p>\n","protected":false},"excerpt":{"rendered":"<div class=\"flex flex-grow flex-col max-w-full\">\n<div class=\"min-h-[20px] text-message flex w-full flex-col items-end gap-2 whitespace-pre-wrap break-words [.text-message+&amp;]:mt-5 overflow-x-auto\" dir=\"auto\" data-message-author-role=\"user\" data-message-id=\"aaa27159-eafc-431a-8331-d63d5c594cf7\">\n<div class=\"flex w-full flex-col gap-1 empty:hidden items-end rtl:items-start\">\n<div class=\"relative max-w-[70%] rounded-3xl bg-[#f4f4f4] px-5 py-2.5 dark:bg-token-main-surface-secondary\">\n<div class=\"absolute bottom-0 right-full top-0 -mr-3.5 hidden pr-5 pt-1 [.group\/conversation-turn:hover_&amp;]:block\">\n<p><strong>Bitte Verf\u00fcgbarkeit vorab anfragen \u2013 t\u00e4gliche Bestands\u00e4nderungen<\/strong><\/p>\n<p>Unser Lager umfasst \u00fcber <strong>800 S\u00e4ttel<\/strong> verschiedener Marken, Modelle und Ausf\u00fchrungen. Da unser Sortiment t\u00e4glich aktualisiert wird und unsere Systeme nicht automatisch synchronisiert sind, kann es vorkommen, dass ein angezeigter Sattel bereits verkauft ist oder neue Modelle noch nicht online verf\u00fcgbar sind.<\/p>\n<p>Um sicherzustellen, dass Ihr Wunschsattel noch verf\u00fcgbar ist, bitten wir Sie, <strong>vorab eine Verf\u00fcgbarkeitsanfrage<\/strong> zu stellen. Nutzen Sie dazu einfach unser Anfrageformular.<\/p>\n<p>Wir stehen Ihnen gerne zur Verf\u00fcgung, um Ihre Suche nach dem perfekten Sattel zu unterst\u00fctzen und Ihnen eine Auswahl aus unserem aktuellen Bestand vorzuschlagen.<\/p>\n<p>\ud83d\udc49 <strong>Kontaktieren Sie uns noch heute und sichern Sie sich Ihren Traumsattel!<\/strong><\/p>\n<\/div>\n<\/div>\n<\/div>\n<\/div>\n<\/div>\n<div class=\"mt-1 flex gap-3 empty:hidden mr-1 flex-row-reverse\">\n<div class=\"items-center justify-start rounded-xl p-1 flex\">\n<div class=\"flex items-center justify-center rounded-lg text-token-text-secondary\">\n<div class=\"px-0.5 text-sm font-semibold tabular-nums\"><\/div>\n<\/div>\n<\/div>\n<\/div>\n","protected":false},"featured_media":2346,"comment_status":"open","ping_status":"closed","template":"","meta":[],"product_brand":[],"product_cat":[185,182,186,187],"product_tag":[193,190,184,202,197,198,194,196,191,192,195],"class_list":{"0":"post-2340","1":"product","2":"type-product","3":"status-publish","4":"has-post-thumbnail","6":"product_cat-dressursaettel","7":"product_cat-saettel","8":"product_cat-springsaettel","9":"product_cat-vs-und-wanderreiten","10":"product_tag-diesattlerin","11":"product_tag-dressur","12":"product_tag-dressursattel","13":"product_tag-passier","14":"product_tag-prestige","15":"product_tag-prestigesattel","16":"product_tag-sattel","17":"product_tag-sommersattel","18":"product_tag-springen","19":"product_tag-springsattel","20":"product_tag-wanderreiten","22":"first","23":"instock","24":"purchasable","25":"product-type-simple"},"yoast_head":"<!-- This site is optimized with the Yoast SEO plugin v24.7 - https:\/\/yoast.com\/wordpress\/plugins\/seo\/ -->\n<title>Passier ABS Dressursattel &#187; Die Sattlerin.at<\/title>\n<meta name=\"robots\" content=\"index, follow, max-snippet:-1, max-image-preview:large, max-video-preview:-1\" \/>\n<link rel=\"canonical\" href=\"https:\/\/www.diesattlerin.at\/2020\/produkt\/passier-abs-dressursattel\/\" \/>\n<meta property=\"og:locale\" content=\"de_DE\" \/>\n<meta property=\"og:type\" content=\"article\" \/>\n<meta property=\"og:title\" content=\"Passier ABS Dressursattel &#187; Die Sattlerin.at\" \/>\n<meta property=\"og:description\" content=\"Bitte Verf\u00fcgbarkeit vorab anfragen \u2013 t\u00e4gliche Bestands\u00e4nderungen  Unser Lager umfasst \u00fcber 800 S\u00e4ttel verschiedener Marken, Modelle und Ausf\u00fchrungen. Da unser Sortiment t\u00e4glich aktualisiert wird und unsere Systeme nicht automatisch synchronisiert sind, kann es vorkommen, dass ein angezeigter Sattel bereits verkauft ist oder neue Modelle noch nicht online verf\u00fcgbar sind.  Um sicherzustellen, dass Ihr Wunschsattel noch verf\u00fcgbar ist, bitten wir Sie, vorab eine Verf\u00fcgbarkeitsanfrage zu stellen. Nutzen Sie dazu einfach unser Anfrageformular.  Wir stehen Ihnen gerne zur Verf\u00fcgung, um Ihre Suche nach dem perfekten Sattel zu unterst\u00fctzen und Ihnen eine Auswahl aus unserem aktuellen Bestand vorzuschlagen.  \ud83d\udc49 Kontaktieren Sie uns noch heute und sichern Sie sich Ihren Traumsattel!\" \/>\n<meta property=\"og:url\" content=\"https:\/\/www.diesattlerin.at\/2020\/produkt\/passier-abs-dressursattel\/\" \/>\n<meta property=\"og:site_name\" content=\"Die Sattlerin.at\" \/>\n<meta property=\"article:modified_time\" content=\"2024-12-30T13:02:07+00:00\" \/>\n<meta property=\"og:image\" content=\"https:\/\/www.diesattlerin.at\/2020\/wp-content\/uploads\/2024\/12\/1730750079023-scaled.jpg\" \/>\n\t<meta property=\"og:image:width\" content=\"1440\" \/>\n\t<meta property=\"og:image:height\" content=\"2560\" \/>\n\t<meta property=\"og:image:type\" content=\"image\/jpeg\" \/>\n<meta name=\"twitter:card\" content=\"summary_large_image\" \/>\n<meta name=\"twitter:label1\" content=\"Gesch\u00e4tzte Lesezeit\" \/>\n\t<meta name=\"twitter:data1\" content=\"2\u00a0Minuten\" \/>\n<script type=\"application\/ld+json\" class=\"yoast-schema-graph\">{\"@context\":\"https:\/\/schema.org\",\"@graph\":[{\"@type\":\"WebPage\",\"@id\":\"https:\/\/www.diesattlerin.at\/2020\/produkt\/passier-abs-dressursattel\/\",\"url\":\"https:\/\/www.diesattlerin.at\/2020\/produkt\/passier-abs-dressursattel\/\",\"name\":\"Passier ABS Dressursattel &#187; Die Sattlerin.at\",\"isPartOf\":{\"@id\":\"https:\/\/www.diesattlerin.at\/2020\/#website\"},\"primaryImageOfPage\":{\"@id\":\"https:\/\/www.diesattlerin.at\/2020\/produkt\/passier-abs-dressursattel\/#primaryimage\"},\"image\":{\"@id\":\"https:\/\/www.diesattlerin.at\/2020\/produkt\/passier-abs-dressursattel\/#primaryimage\"},\"thumbnailUrl\":\"https:\/\/www.diesattlerin.at\/2020\/wp-content\/uploads\/2024\/12\/1730750079023-scaled.jpg\",\"datePublished\":\"2024-12-30T12:53:20+00:00\",\"dateModified\":\"2024-12-30T13:02:07+00:00\",\"breadcrumb\":{\"@id\":\"https:\/\/www.diesattlerin.at\/2020\/produkt\/passier-abs-dressursattel\/#breadcrumb\"},\"inLanguage\":\"de\",\"potentialAction\":[{\"@type\":\"ReadAction\",\"target\":[\"https:\/\/www.diesattlerin.at\/2020\/produkt\/passier-abs-dressursattel\/\"]}]},{\"@type\":\"ImageObject\",\"inLanguage\":\"de\",\"@id\":\"https:\/\/www.diesattlerin.at\/2020\/produkt\/passier-abs-dressursattel\/#primaryimage\",\"url\":\"https:\/\/www.diesattlerin.at\/2020\/wp-content\/uploads\/2024\/12\/1730750079023-scaled.jpg\",\"contentUrl\":\"https:\/\/www.diesattlerin.at\/2020\/wp-content\/uploads\/2024\/12\/1730750079023-scaled.jpg\",\"width\":1440,\"height\":2560},{\"@type\":\"BreadcrumbList\",\"@id\":\"https:\/\/www.diesattlerin.at\/2020\/produkt\/passier-abs-dressursattel\/#breadcrumb\",\"itemListElement\":[{\"@type\":\"ListItem\",\"position\":1,\"name\":\"Startseite\",\"item\":\"https:\/\/www.diesattlerin.at\/2020\/\"},{\"@type\":\"ListItem\",\"position\":2,\"name\":\"Shop\",\"item\":\"https:\/\/www.diesattlerin.at\/2020\/shop\/\"},{\"@type\":\"ListItem\",\"position\":3,\"name\":\"Passier ABS Dressursattel\"}]},{\"@type\":\"WebSite\",\"@id\":\"https:\/\/www.diesattlerin.at\/2020\/#website\",\"url\":\"https:\/\/www.diesattlerin.at\/2020\/\",\"name\":\"DieSattlerin.at\",\"description\":\"F\u00fcr die peferkte Verbindung zwischen Pferd und Reiter\",\"publisher\":{\"@id\":\"https:\/\/www.diesattlerin.at\/2020\/#\/schema\/person\/b2e347c8d990b2c6625ad3406dab25ae\"},\"potentialAction\":[{\"@type\":\"SearchAction\",\"target\":{\"@type\":\"EntryPoint\",\"urlTemplate\":\"https:\/\/www.diesattlerin.at\/2020\/?s={search_term_string}\"},\"query-input\":{\"@type\":\"PropertyValueSpecification\",\"valueRequired\":true,\"valueName\":\"search_term_string\"}}],\"inLanguage\":\"de\"},{\"@type\":[\"Person\",\"Organization\"],\"@id\":\"https:\/\/www.diesattlerin.at\/2020\/#\/schema\/person\/b2e347c8d990b2c6625ad3406dab25ae\",\"name\":\"Theresa Stern\",\"image\":{\"@type\":\"ImageObject\",\"inLanguage\":\"de\",\"@id\":\"https:\/\/www.diesattlerin.at\/2020\/#\/schema\/person\/image\/\",\"url\":\"https:\/\/secure.gravatar.com\/avatar\/2ace1a28597fedd70ab057b04196cc48c92122397db6802ce72950f59c7e4f35?s=96&d=mm&r=g\",\"contentUrl\":\"https:\/\/secure.gravatar.com\/avatar\/2ace1a28597fedd70ab057b04196cc48c92122397db6802ce72950f59c7e4f35?s=96&d=mm&r=g\",\"caption\":\"Theresa Stern\"},\"logo\":{\"@id\":\"https:\/\/www.diesattlerin.at\/2020\/#\/schema\/person\/image\/\"}}]}<\/script>\n<!-- \/ Yoast SEO plugin. -->","yoast_head_json":{"title":"Passier ABS Dressursattel &#187; Die Sattlerin.at","robots":{"index":"index","follow":"follow","max-snippet":"max-snippet:-1","max-image-preview":"max-image-preview:large","max-video-preview":"max-video-preview:-1"},"canonical":"https:\/\/www.diesattlerin.at\/2020\/produkt\/passier-abs-dressursattel\/","og_locale":"de_DE","og_type":"article","og_title":"Passier ABS Dressursattel &#187; Die Sattlerin.at","og_description":"Bitte Verf\u00fcgbarkeit vorab anfragen \u2013 t\u00e4gliche Bestands\u00e4nderungen  Unser Lager umfasst \u00fcber 800 S\u00e4ttel verschiedener Marken, Modelle und Ausf\u00fchrungen. Da unser Sortiment t\u00e4glich aktualisiert wird und unsere Systeme nicht automatisch synchronisiert sind, kann es vorkommen, dass ein angezeigter Sattel bereits verkauft ist oder neue Modelle noch nicht online verf\u00fcgbar sind.  Um sicherzustellen, dass Ihr Wunschsattel noch verf\u00fcgbar ist, bitten wir Sie, vorab eine Verf\u00fcgbarkeitsanfrage zu stellen. Nutzen Sie dazu einfach unser Anfrageformular.  Wir stehen Ihnen gerne zur Verf\u00fcgung, um Ihre Suche nach dem perfekten Sattel zu unterst\u00fctzen und Ihnen eine Auswahl aus unserem aktuellen Bestand vorzuschlagen.  \ud83d\udc49 Kontaktieren Sie uns noch heute und sichern Sie sich Ihren Traumsattel!","og_url":"https:\/\/www.diesattlerin.at\/2020\/produkt\/passier-abs-dressursattel\/","og_site_name":"Die Sattlerin.at","article_modified_time":"2024-12-30T13:02:07+00:00","og_image":[{"width":1440,"height":2560,"url":"https:\/\/www.diesattlerin.at\/2020\/wp-content\/uploads\/2024\/12\/1730750079023-scaled.jpg","type":"image\/jpeg"}],"twitter_card":"summary_large_image","twitter_misc":{"Gesch\u00e4tzte Lesezeit":"2\u00a0Minuten"},"schema":{"@context":"https:\/\/schema.org","@graph":[{"@type":"WebPage","@id":"https:\/\/www.diesattlerin.at\/2020\/produkt\/passier-abs-dressursattel\/","url":"https:\/\/www.diesattlerin.at\/2020\/produkt\/passier-abs-dressursattel\/","name":"Passier ABS Dressursattel &#187; Die Sattlerin.at","isPartOf":{"@id":"https:\/\/www.diesattlerin.at\/2020\/#website"},"primaryImageOfPage":{"@id":"https:\/\/www.diesattlerin.at\/2020\/produkt\/passier-abs-dressursattel\/#primaryimage"},"image":{"@id":"https:\/\/www.diesattlerin.at\/2020\/produkt\/passier-abs-dressursattel\/#primaryimage"},"thumbnailUrl":"https:\/\/www.diesattlerin.at\/2020\/wp-content\/uploads\/2024\/12\/1730750079023-scaled.jpg","datePublished":"2024-12-30T12:53:20+00:00","dateModified":"2024-12-30T13:02:07+00:00","breadcrumb":{"@id":"https:\/\/www.diesattlerin.at\/2020\/produkt\/passier-abs-dressursattel\/#breadcrumb"},"inLanguage":"de","potentialAction":[{"@type":"ReadAction","target":["https:\/\/www.diesattlerin.at\/2020\/produkt\/passier-abs-dressursattel\/"]}]},{"@type":"ImageObject","inLanguage":"de","@id":"https:\/\/www.diesattlerin.at\/2020\/produkt\/passier-abs-dressursattel\/#primaryimage","url":"https:\/\/www.diesattlerin.at\/2020\/wp-content\/uploads\/2024\/12\/1730750079023-scaled.jpg","contentUrl":"https:\/\/www.diesattlerin.at\/2020\/wp-content\/uploads\/2024\/12\/1730750079023-scaled.jpg","width":1440,"height":2560},{"@type":"BreadcrumbList","@id":"https:\/\/www.diesattlerin.at\/2020\/produkt\/passier-abs-dressursattel\/#breadcrumb","itemListElement":[{"@type":"ListItem","position":1,"name":"Startseite","item":"https:\/\/www.diesattlerin.at\/2020\/"},{"@type":"ListItem","position":2,"name":"Shop","item":"https:\/\/www.diesattlerin.at\/2020\/shop\/"},{"@type":"ListItem","position":3,"name":"Passier ABS Dressursattel"}]},{"@type":"WebSite","@id":"https:\/\/www.diesattlerin.at\/2020\/#website","url":"https:\/\/www.diesattlerin.at\/2020\/","name":"DieSattlerin.at","description":"F\u00fcr die peferkte Verbindung zwischen Pferd und Reiter","publisher":{"@id":"https:\/\/www.diesattlerin.at\/2020\/#\/schema\/person\/b2e347c8d990b2c6625ad3406dab25ae"},"potentialAction":[{"@type":"SearchAction","target":{"@type":"EntryPoint","urlTemplate":"https:\/\/www.diesattlerin.at\/2020\/?s={search_term_string}"},"query-input":{"@type":"PropertyValueSpecification","valueRequired":true,"valueName":"search_term_string"}}],"inLanguage":"de"},{"@type":["Person","Organization"],"@id":"https:\/\/www.diesattlerin.at\/2020\/#\/schema\/person\/b2e347c8d990b2c6625ad3406dab25ae","name":"Theresa Stern","image":{"@type":"ImageObject","inLanguage":"de","@id":"https:\/\/www.diesattlerin.at\/2020\/#\/schema\/person\/image\/","url":"https:\/\/secure.gravatar.com\/avatar\/2ace1a28597fedd70ab057b04196cc48c92122397db6802ce72950f59c7e4f35?s=96&d=mm&r=g","contentUrl":"https:\/\/secure.gravatar.com\/avatar\/2ace1a28597fedd70ab057b04196cc48c92122397db6802ce72950f59c7e4f35?s=96&d=mm&r=g","caption":"Theresa Stern"},"logo":{"@id":"https:\/\/www.diesattlerin.at\/2020\/#\/schema\/person\/image\/"}}]}},"_links":{"self":[{"href":"https:\/\/www.diesattlerin.at\/2020\/wp-json\/wp\/v2\/product\/2340","targetHints":{"allow":["GET"]}}],"collection":[{"href":"https:\/\/www.diesattlerin.at\/2020\/wp-json\/wp\/v2\/product"}],"about":[{"href":"https:\/\/www.diesattlerin.at\/2020\/wp-json\/wp\/v2\/types\/product"}],"replies":[{"embeddable":true,"href":"https:\/\/www.diesattlerin.at\/2020\/wp-json\/wp\/v2\/comments?post=2340"}],"wp:featuredmedia":[{"embeddable":true,"href":"https:\/\/www.diesattlerin.at\/2020\/wp-json\/wp\/v2\/media\/2346"}],"wp:attachment":[{"href":"https:\/\/www.diesattlerin.at\/2020\/wp-json\/wp\/v2\/media?parent=2340"}],"wp:term":[{"taxonomy":"product_brand","embeddable":true,"href":"https:\/\/www.diesattlerin.at\/2020\/wp-json\/wp\/v2\/product_brand?post=2340"},{"taxonomy":"product_cat","embeddable":true,"href":"https:\/\/www.diesattlerin.at\/2020\/wp-json\/wp\/v2\/product_cat?post=2340"},{"taxonomy":"product_tag","embeddable":true,"href":"https:\/\/www.diesattlerin.at\/2020\/wp-json\/wp\/v2\/product_tag?post=2340"}],"curies":[{"name":"wp","href":"https:\/\/api.w.org\/{rel}","templated":true}]}}