{"id":2242,"date":"2024-12-30T00:42:41","date_gmt":"2024-12-29T23:42:41","guid":{"rendered":"https:\/\/www.diesattlerin.at\/2020\/?post_type=product&#038;p=2242"},"modified":"2025-03-13T16:31:44","modified_gmt":"2025-03-13T15:31:44","slug":"niedersuess-forte-springsattel","status":"publish","type":"product","link":"https:\/\/www.diesattlerin.at\/2020\/produkt\/niedersuess-forte-springsattel\/","title":{"rendered":"Nieders\u00fc\u00df Forte Springsattel"},"content":{"rendered":"<p dir=\"ltr\">Nieders\u00fc\u00df Forte Springsattel<\/p>\n<p>Zum Verkauf steht ein neuer Nieders\u00fc\u00df Forte Springsattel, der speziell f\u00fcr Einsteiger entwickelt wurde. Dieser Sattel bietet durch mittelgro\u00dfe Kniepauschen und Wadenbl\u00f6cke optimalen Halt und vermittelt ein sicheres Gef\u00fchl beim Anreiten und \u00fcber dem Sprung. Der tiefe Sitz sorgt zudem f\u00fcr besonderen Komfort im Gel\u00e4nde.<\/p>\n<p>Produktdetails:<\/p>\n<p>Sitzgr\u00f6\u00dfe: 17,5 Zoll (45 cm)<br \/>\nSattelblatt: Mit Vorschnitt f\u00fcr verbesserte Beinfreiheit<br \/>\nKammerweite: Mittel (33\/34 M)<br \/>\nKissenf\u00fcllung: Wolle f\u00fcr optimale Anpassung an den Pferder\u00fccken<br \/>\nFarbe: Schwarz<br \/>\nPassform: Geeignet f\u00fcr sehr runde Pferde sowie f\u00fcr Pferde mit hohem Widerrist; bietet Schulterfreiheit<br \/>\nZustand: Neu und originalverpackt<br \/>\nLeder: Hochwertiges Rindsleder<br \/>\nKissen: Kurzes Kissen mit K2<br \/>\nPauschen: Gro\u00df f\u00fcr zus\u00e4tzlichen Halt<br \/>\nSitz: Halbtief f\u00fcr mehr Bewegungsfreiheit<br \/>\nGurtung: Kurze Gurtung<br \/>\nPreis: 1.300 \u20ac<\/p>\n<p>Standort: A-3385<\/p>\n<p>Dieser Sattel ist ideal f\u00fcr Reiter, die Wert auf Sicherheit und Komfort legen, sowohl im Springparcours als auch im Gel\u00e4nde. Die Kombination aus tiefem Sitz und durchdachter Polsterung unterst\u00fctzt eine harmonische Verbindung zwischen Reiter und Pferd.<\/p>\n","protected":false},"excerpt":{"rendered":"<div class=\"flex flex-grow flex-col max-w-full\">\n<div class=\"min-h-[20px] text-message flex w-full flex-col items-end gap-2 whitespace-pre-wrap break-words [.text-message+&amp;]:mt-5 overflow-x-auto\" dir=\"auto\" data-message-author-role=\"user\" data-message-id=\"aaa27159-eafc-431a-8331-d63d5c594cf7\">\n<div class=\"flex w-full flex-col gap-1 empty:hidden items-end rtl:items-start\">\n<div class=\"relative max-w-[70%] rounded-3xl bg-[#f4f4f4] px-5 py-2.5 dark:bg-token-main-surface-secondary\">\n<div class=\"absolute bottom-0 right-full top-0 -mr-3.5 hidden pr-5 pt-1 [.group\/conversation-turn:hover_&amp;]:block\">\n<p><strong>Bitte Verf\u00fcgbarkeit vorab anfragen \u2013 t\u00e4gliche Bestands\u00e4nderungen<\/strong><\/p>\n<p>Unser Lager umfasst \u00fcber <strong>800 S\u00e4ttel<\/strong> verschiedener Marken, Modelle und Ausf\u00fchrungen. Da unser Sortiment t\u00e4glich aktualisiert wird und unsere Systeme nicht automatisch synchronisiert sind, kann es vorkommen, dass ein angezeigter Sattel bereits verkauft ist oder neue Modelle noch nicht online verf\u00fcgbar sind.<\/p>\n<p>Um sicherzustellen, dass Ihr Wunschsattel noch verf\u00fcgbar ist, bitten wir Sie, <strong>vorab eine Verf\u00fcgbarkeitsanfrage<\/strong> zu stellen. Nutzen Sie dazu einfach unser Anfrageformular.<\/p>\n<p>Wir stehen Ihnen gerne zur Verf\u00fcgung, um Ihre Suche nach dem perfekten Sattel zu unterst\u00fctzen und Ihnen eine Auswahl aus unserem aktuellen Bestand vorzuschlagen.<\/p>\n<p>\ud83d\udc49 <strong>Kontaktieren Sie uns noch heute und sichern Sie sich Ihren Traumsattel!<\/strong><\/p>\n<\/div>\n<\/div>\n<\/div>\n<\/div>\n<\/div>\n<div class=\"mt-1 flex gap-3 empty:hidden mr-1 flex-row-reverse\">\n<div class=\"items-center justify-start rounded-xl p-1 flex\">\n<div class=\"flex items-center justify-center rounded-lg text-token-text-secondary\">\n<div class=\"px-0.5 text-sm font-semibold tabular-nums\"><\/div>\n<\/div>\n<\/div>\n<\/div>\n","protected":false},"featured_media":2327,"comment_status":"open","ping_status":"closed","template":"","meta":[],"product_brand":[],"product_cat":[182,186,187],"product_tag":[193,190,184,201,200,197,198,194,199,196,191,192],"class_list":{"0":"post-2242","1":"product","2":"type-product","3":"status-publish","4":"has-post-thumbnail","6":"product_cat-saettel","7":"product_cat-springsaettel","8":"product_cat-vs-und-wanderreiten","9":"product_tag-diesattlerin","10":"product_tag-dressur","11":"product_tag-dressursattel","12":"product_tag-forte","13":"product_tag-niedersuess","14":"product_tag-prestige","15":"product_tag-prestigesattel","16":"product_tag-sattel","17":"product_tag-sattelmacher","18":"product_tag-sommersattel","19":"product_tag-springen","20":"product_tag-springsattel","22":"first","23":"outofstock","24":"sale","25":"purchasable","26":"product-type-simple"},"yoast_head":"<!-- This site is optimized with the Yoast SEO plugin v24.7 - https:\/\/yoast.com\/wordpress\/plugins\/seo\/ -->\n<title>Nieders\u00fc\u00df Forte Springsattel &#187; Die Sattlerin.at<\/title>\n<meta name=\"robots\" content=\"index, follow, max-snippet:-1, max-image-preview:large, max-video-preview:-1\" \/>\n<link rel=\"canonical\" href=\"https:\/\/www.diesattlerin.at\/2020\/produkt\/niedersuess-forte-springsattel\/\" \/>\n<meta property=\"og:locale\" content=\"de_DE\" \/>\n<meta property=\"og:type\" content=\"article\" \/>\n<meta property=\"og:title\" content=\"Nieders\u00fc\u00df Forte Springsattel &#187; Die Sattlerin.at\" \/>\n<meta property=\"og:description\" content=\"Bitte Verf\u00fcgbarkeit vorab anfragen \u2013 t\u00e4gliche Bestands\u00e4nderungen  Unser Lager umfasst \u00fcber 800 S\u00e4ttel verschiedener Marken, Modelle und Ausf\u00fchrungen. Da unser Sortiment t\u00e4glich aktualisiert wird und unsere Systeme nicht automatisch synchronisiert sind, kann es vorkommen, dass ein angezeigter Sattel bereits verkauft ist oder neue Modelle noch nicht online verf\u00fcgbar sind.  Um sicherzustellen, dass Ihr Wunschsattel noch verf\u00fcgbar ist, bitten wir Sie, vorab eine Verf\u00fcgbarkeitsanfrage zu stellen. Nutzen Sie dazu einfach unser Anfrageformular.  Wir stehen Ihnen gerne zur Verf\u00fcgung, um Ihre Suche nach dem perfekten Sattel zu unterst\u00fctzen und Ihnen eine Auswahl aus unserem aktuellen Bestand vorzuschlagen.  \ud83d\udc49 Kontaktieren Sie uns noch heute und sichern Sie sich Ihren Traumsattel!\" \/>\n<meta property=\"og:url\" content=\"https:\/\/www.diesattlerin.at\/2020\/produkt\/niedersuess-forte-springsattel\/\" \/>\n<meta property=\"og:site_name\" content=\"Die Sattlerin.at\" \/>\n<meta property=\"article:modified_time\" content=\"2025-03-13T15:31:44+00:00\" \/>\n<meta property=\"og:image\" content=\"https:\/\/www.diesattlerin.at\/2020\/wp-content\/uploads\/2024\/12\/img_20210121_172430-scaled.jpg\" \/>\n\t<meta property=\"og:image:width\" content=\"2560\" \/>\n\t<meta property=\"og:image:height\" content=\"1179\" \/>\n\t<meta property=\"og:image:type\" content=\"image\/jpeg\" \/>\n<meta name=\"twitter:card\" content=\"summary_large_image\" \/>\n<meta name=\"twitter:label1\" content=\"Gesch\u00e4tzte Lesezeit\" \/>\n\t<meta name=\"twitter:data1\" content=\"1\u00a0Minute\" \/>\n<script type=\"application\/ld+json\" class=\"yoast-schema-graph\">{\"@context\":\"https:\/\/schema.org\",\"@graph\":[{\"@type\":\"WebPage\",\"@id\":\"https:\/\/www.diesattlerin.at\/2020\/produkt\/niedersuess-forte-springsattel\/\",\"url\":\"https:\/\/www.diesattlerin.at\/2020\/produkt\/niedersuess-forte-springsattel\/\",\"name\":\"Nieders\u00fc\u00df Forte Springsattel &#187; Die Sattlerin.at\",\"isPartOf\":{\"@id\":\"https:\/\/www.diesattlerin.at\/2020\/#website\"},\"primaryImageOfPage\":{\"@id\":\"https:\/\/www.diesattlerin.at\/2020\/produkt\/niedersuess-forte-springsattel\/#primaryimage\"},\"image\":{\"@id\":\"https:\/\/www.diesattlerin.at\/2020\/produkt\/niedersuess-forte-springsattel\/#primaryimage\"},\"thumbnailUrl\":\"https:\/\/www.diesattlerin.at\/2020\/wp-content\/uploads\/2024\/12\/img_20210121_172430-scaled.jpg\",\"datePublished\":\"2024-12-29T23:42:41+00:00\",\"dateModified\":\"2025-03-13T15:31:44+00:00\",\"breadcrumb\":{\"@id\":\"https:\/\/www.diesattlerin.at\/2020\/produkt\/niedersuess-forte-springsattel\/#breadcrumb\"},\"inLanguage\":\"de\",\"potentialAction\":[{\"@type\":\"ReadAction\",\"target\":[\"https:\/\/www.diesattlerin.at\/2020\/produkt\/niedersuess-forte-springsattel\/\"]}]},{\"@type\":\"ImageObject\",\"inLanguage\":\"de\",\"@id\":\"https:\/\/www.diesattlerin.at\/2020\/produkt\/niedersuess-forte-springsattel\/#primaryimage\",\"url\":\"https:\/\/www.diesattlerin.at\/2020\/wp-content\/uploads\/2024\/12\/img_20210121_172430-scaled.jpg\",\"contentUrl\":\"https:\/\/www.diesattlerin.at\/2020\/wp-content\/uploads\/2024\/12\/img_20210121_172430-scaled.jpg\",\"width\":2560,\"height\":1179},{\"@type\":\"BreadcrumbList\",\"@id\":\"https:\/\/www.diesattlerin.at\/2020\/produkt\/niedersuess-forte-springsattel\/#breadcrumb\",\"itemListElement\":[{\"@type\":\"ListItem\",\"position\":1,\"name\":\"Startseite\",\"item\":\"https:\/\/www.diesattlerin.at\/2020\/\"},{\"@type\":\"ListItem\",\"position\":2,\"name\":\"Shop\",\"item\":\"https:\/\/www.diesattlerin.at\/2020\/shop\/\"},{\"@type\":\"ListItem\",\"position\":3,\"name\":\"Nieders\u00fc\u00df Forte Springsattel\"}]},{\"@type\":\"WebSite\",\"@id\":\"https:\/\/www.diesattlerin.at\/2020\/#website\",\"url\":\"https:\/\/www.diesattlerin.at\/2020\/\",\"name\":\"DieSattlerin.at\",\"description\":\"F\u00fcr die peferkte Verbindung zwischen Pferd und Reiter\",\"publisher\":{\"@id\":\"https:\/\/www.diesattlerin.at\/2020\/#\/schema\/person\/b2e347c8d990b2c6625ad3406dab25ae\"},\"potentialAction\":[{\"@type\":\"SearchAction\",\"target\":{\"@type\":\"EntryPoint\",\"urlTemplate\":\"https:\/\/www.diesattlerin.at\/2020\/?s={search_term_string}\"},\"query-input\":{\"@type\":\"PropertyValueSpecification\",\"valueRequired\":true,\"valueName\":\"search_term_string\"}}],\"inLanguage\":\"de\"},{\"@type\":[\"Person\",\"Organization\"],\"@id\":\"https:\/\/www.diesattlerin.at\/2020\/#\/schema\/person\/b2e347c8d990b2c6625ad3406dab25ae\",\"name\":\"Theresa Stern\",\"image\":{\"@type\":\"ImageObject\",\"inLanguage\":\"de\",\"@id\":\"https:\/\/www.diesattlerin.at\/2020\/#\/schema\/person\/image\/\",\"url\":\"https:\/\/secure.gravatar.com\/avatar\/2ace1a28597fedd70ab057b04196cc48c92122397db6802ce72950f59c7e4f35?s=96&d=mm&r=g\",\"contentUrl\":\"https:\/\/secure.gravatar.com\/avatar\/2ace1a28597fedd70ab057b04196cc48c92122397db6802ce72950f59c7e4f35?s=96&d=mm&r=g\",\"caption\":\"Theresa Stern\"},\"logo\":{\"@id\":\"https:\/\/www.diesattlerin.at\/2020\/#\/schema\/person\/image\/\"}}]}<\/script>\n<!-- \/ Yoast SEO plugin. -->","yoast_head_json":{"title":"Nieders\u00fc\u00df Forte Springsattel &#187; Die Sattlerin.at","robots":{"index":"index","follow":"follow","max-snippet":"max-snippet:-1","max-image-preview":"max-image-preview:large","max-video-preview":"max-video-preview:-1"},"canonical":"https:\/\/www.diesattlerin.at\/2020\/produkt\/niedersuess-forte-springsattel\/","og_locale":"de_DE","og_type":"article","og_title":"Nieders\u00fc\u00df Forte Springsattel &#187; Die Sattlerin.at","og_description":"Bitte Verf\u00fcgbarkeit vorab anfragen \u2013 t\u00e4gliche Bestands\u00e4nderungen  Unser Lager umfasst \u00fcber 800 S\u00e4ttel verschiedener Marken, Modelle und Ausf\u00fchrungen. Da unser Sortiment t\u00e4glich aktualisiert wird und unsere Systeme nicht automatisch synchronisiert sind, kann es vorkommen, dass ein angezeigter Sattel bereits verkauft ist oder neue Modelle noch nicht online verf\u00fcgbar sind.  Um sicherzustellen, dass Ihr Wunschsattel noch verf\u00fcgbar ist, bitten wir Sie, vorab eine Verf\u00fcgbarkeitsanfrage zu stellen. Nutzen Sie dazu einfach unser Anfrageformular.  Wir stehen Ihnen gerne zur Verf\u00fcgung, um Ihre Suche nach dem perfekten Sattel zu unterst\u00fctzen und Ihnen eine Auswahl aus unserem aktuellen Bestand vorzuschlagen.  \ud83d\udc49 Kontaktieren Sie uns noch heute und sichern Sie sich Ihren Traumsattel!","og_url":"https:\/\/www.diesattlerin.at\/2020\/produkt\/niedersuess-forte-springsattel\/","og_site_name":"Die Sattlerin.at","article_modified_time":"2025-03-13T15:31:44+00:00","og_image":[{"width":2560,"height":1179,"url":"https:\/\/www.diesattlerin.at\/2020\/wp-content\/uploads\/2024\/12\/img_20210121_172430-scaled.jpg","type":"image\/jpeg"}],"twitter_card":"summary_large_image","twitter_misc":{"Gesch\u00e4tzte Lesezeit":"1\u00a0Minute"},"schema":{"@context":"https:\/\/schema.org","@graph":[{"@type":"WebPage","@id":"https:\/\/www.diesattlerin.at\/2020\/produkt\/niedersuess-forte-springsattel\/","url":"https:\/\/www.diesattlerin.at\/2020\/produkt\/niedersuess-forte-springsattel\/","name":"Nieders\u00fc\u00df Forte Springsattel &#187; Die Sattlerin.at","isPartOf":{"@id":"https:\/\/www.diesattlerin.at\/2020\/#website"},"primaryImageOfPage":{"@id":"https:\/\/www.diesattlerin.at\/2020\/produkt\/niedersuess-forte-springsattel\/#primaryimage"},"image":{"@id":"https:\/\/www.diesattlerin.at\/2020\/produkt\/niedersuess-forte-springsattel\/#primaryimage"},"thumbnailUrl":"https:\/\/www.diesattlerin.at\/2020\/wp-content\/uploads\/2024\/12\/img_20210121_172430-scaled.jpg","datePublished":"2024-12-29T23:42:41+00:00","dateModified":"2025-03-13T15:31:44+00:00","breadcrumb":{"@id":"https:\/\/www.diesattlerin.at\/2020\/produkt\/niedersuess-forte-springsattel\/#breadcrumb"},"inLanguage":"de","potentialAction":[{"@type":"ReadAction","target":["https:\/\/www.diesattlerin.at\/2020\/produkt\/niedersuess-forte-springsattel\/"]}]},{"@type":"ImageObject","inLanguage":"de","@id":"https:\/\/www.diesattlerin.at\/2020\/produkt\/niedersuess-forte-springsattel\/#primaryimage","url":"https:\/\/www.diesattlerin.at\/2020\/wp-content\/uploads\/2024\/12\/img_20210121_172430-scaled.jpg","contentUrl":"https:\/\/www.diesattlerin.at\/2020\/wp-content\/uploads\/2024\/12\/img_20210121_172430-scaled.jpg","width":2560,"height":1179},{"@type":"BreadcrumbList","@id":"https:\/\/www.diesattlerin.at\/2020\/produkt\/niedersuess-forte-springsattel\/#breadcrumb","itemListElement":[{"@type":"ListItem","position":1,"name":"Startseite","item":"https:\/\/www.diesattlerin.at\/2020\/"},{"@type":"ListItem","position":2,"name":"Shop","item":"https:\/\/www.diesattlerin.at\/2020\/shop\/"},{"@type":"ListItem","position":3,"name":"Nieders\u00fc\u00df Forte Springsattel"}]},{"@type":"WebSite","@id":"https:\/\/www.diesattlerin.at\/2020\/#website","url":"https:\/\/www.diesattlerin.at\/2020\/","name":"DieSattlerin.at","description":"F\u00fcr die peferkte Verbindung zwischen Pferd und Reiter","publisher":{"@id":"https:\/\/www.diesattlerin.at\/2020\/#\/schema\/person\/b2e347c8d990b2c6625ad3406dab25ae"},"potentialAction":[{"@type":"SearchAction","target":{"@type":"EntryPoint","urlTemplate":"https:\/\/www.diesattlerin.at\/2020\/?s={search_term_string}"},"query-input":{"@type":"PropertyValueSpecification","valueRequired":true,"valueName":"search_term_string"}}],"inLanguage":"de"},{"@type":["Person","Organization"],"@id":"https:\/\/www.diesattlerin.at\/2020\/#\/schema\/person\/b2e347c8d990b2c6625ad3406dab25ae","name":"Theresa Stern","image":{"@type":"ImageObject","inLanguage":"de","@id":"https:\/\/www.diesattlerin.at\/2020\/#\/schema\/person\/image\/","url":"https:\/\/secure.gravatar.com\/avatar\/2ace1a28597fedd70ab057b04196cc48c92122397db6802ce72950f59c7e4f35?s=96&d=mm&r=g","contentUrl":"https:\/\/secure.gravatar.com\/avatar\/2ace1a28597fedd70ab057b04196cc48c92122397db6802ce72950f59c7e4f35?s=96&d=mm&r=g","caption":"Theresa Stern"},"logo":{"@id":"https:\/\/www.diesattlerin.at\/2020\/#\/schema\/person\/image\/"}}]}},"_links":{"self":[{"href":"https:\/\/www.diesattlerin.at\/2020\/wp-json\/wp\/v2\/product\/2242","targetHints":{"allow":["GET"]}}],"collection":[{"href":"https:\/\/www.diesattlerin.at\/2020\/wp-json\/wp\/v2\/product"}],"about":[{"href":"https:\/\/www.diesattlerin.at\/2020\/wp-json\/wp\/v2\/types\/product"}],"replies":[{"embeddable":true,"href":"https:\/\/www.diesattlerin.at\/2020\/wp-json\/wp\/v2\/comments?post=2242"}],"wp:featuredmedia":[{"embeddable":true,"href":"https:\/\/www.diesattlerin.at\/2020\/wp-json\/wp\/v2\/media\/2327"}],"wp:attachment":[{"href":"https:\/\/www.diesattlerin.at\/2020\/wp-json\/wp\/v2\/media?parent=2242"}],"wp:term":[{"taxonomy":"product_brand","embeddable":true,"href":"https:\/\/www.diesattlerin.at\/2020\/wp-json\/wp\/v2\/product_brand?post=2242"},{"taxonomy":"product_cat","embeddable":true,"href":"https:\/\/www.diesattlerin.at\/2020\/wp-json\/wp\/v2\/product_cat?post=2242"},{"taxonomy":"product_tag","embeddable":true,"href":"https:\/\/www.diesattlerin.at\/2020\/wp-json\/wp\/v2\/product_tag?post=2242"}],"curies":[{"name":"wp","href":"https:\/\/api.w.org\/{rel}","templated":true}]}}