{"id":1735,"date":"2023-11-25T11:35:22","date_gmt":"2023-11-25T10:35:22","guid":{"rendered":"https:\/\/www.diesattlerin.at\/2020\/?post_type=product&#038;p=1735"},"modified":"2024-07-22T14:10:48","modified_gmt":"2024-07-22T12:10:48","slug":"gebrauchtsattel-suche-guide","status":"publish","type":"product","link":"https:\/\/www.diesattlerin.at\/2020\/produkt\/gebrauchtsattel-suche-guide\/","title":{"rendered":"Gebrauchtsattel Suche Guide"},"content":{"rendered":"<div class=\"flex-1 overflow-hidden\">\n<div class=\"react-scroll-to-bottom--css-souzo-79elbk h-full\">\n<div class=\"react-scroll-to-bottom--css-souzo-1n7m0yu\">\n<div class=\"flex flex-col text-sm gizmo:pb-9 dark:bg-gray-800 gizmo:dark:bg-transparent\">\n<div class=\"w-full text-token-text-primary border-b border-black\/10 gizmo:border-0 dark:border-gray-900\/50 gizmo:dark:border-0 bg-gray-50 gizmo:bg-transparent dark:bg-[#444654] gizmo:dark:bg-transparent\" data-testid=\"conversation-turn-13\">\n<div class=\"p-4 gizmo:py-2 justify-center text-base md:gap-6 md:py-6 m-auto\">\n<div class=\"flex flex-1 gap-4 text-base mx-auto md:gap-6 gizmo:gap-3 gizmo:md:px-5 gizmo:lg:px-1 gizmo:xl:px-5 md:max-w-2xl lg:max-w-[38rem] gizmo:md:max-w-3xl gizmo:lg:max-w-[40rem] gizmo:xl:max-w-[48rem] xl:max-w-3xl } group final-completion\">\n<div class=\"relative flex w-[calc(100%-50px)] flex-col gizmo:w-full lg:w-[calc(100%-115px)] agent-turn\">\n<div class=\"flex-col gap-1 md:gap-3\">\n<div class=\"flex flex-grow flex-col max-w-full gap-3 gizmo:gap-0\">\n<div class=\"min-h-[20px] text-message flex flex-col items-start gap-3 whitespace-pre-wrap break-words [.text-message+&amp;]:mt-5 overflow-x-auto\" data-message-author-role=\"assistant\" data-message-id=\"dc3fa4ec-6e63-40c3-8ed3-b13b2cac16cc\">\n<div class=\"markdown prose w-full break-words dark:prose-invert dark\">\n<p><strong>Online Guide von Sattel Expertin Theresa Stern: Finden Sie Ihr Schmuckst\u00fcck beim Gebrauchtsattel-Kauf<\/strong><\/p>\n<p>Mit diesem Guide finden Sie schneller Ihr neues Schmuckst\u00fcck im Heuhaufen des Online-Angebots.<\/p>\n<p><strong>Was bietet der Guide?<\/strong><\/p>\n<ul>\n<li><strong>Detaillierte Checkliste:<\/strong> Mit unserer sorgf\u00e4ltig zusammengestellten Checkliste entgeht Ihnen kein Detail mehr. Sie lernen, worauf Sie beim Kauf eines Gebrauchtsattels achten m\u00fcssen und welche Stellen besonders wichtig sind.<\/li>\n<li><strong>Schutz vor Fehlk\u00e4ufen:<\/strong> Sie sind besser davor gesch\u00fctzt, Bl\u00f6dsinn ;) im Netz zu kaufen. Unser Guide gibt Ihnen das n\u00f6tige Wissen an die Hand, um qualitativ hochwertige S\u00e4ttel von minderwertigen zu unterscheiden.<\/li>\n<li><strong>Fachkundiger Rat:<\/strong> Es geht nichts \u00fcber die Meinung einer fachkundigen Person. Dieser Guide bereitet Sie darauf vor, wann und wie Sie Expertenrat einholen sollten.<\/li>\n<li><strong>Weiterbildung f\u00fcr Ihr Pferd:<\/strong> Sie erweitern Ihr Wissen nicht nur f\u00fcr sich, sondern auch zum Wohl Ihres Pferdes. Ein gut passender Sattel ist entscheidend f\u00fcr die Gesundheit und das Wohlbefinden Ihres Pferdes.<\/li>\n<\/ul>\n<p><strong>Ihr Nutzen:<\/strong> Mit meinem Online Guide werden Sie zu einem informierten K\u00e4ufer. Sie sparen Zeit, Geld und sch\u00fctzen Ihr Pferd vor den negativen Auswirkungen eines schlecht passenden Sattels.<\/p>\n<p><strong>Wie Sie starten:<\/strong> Einfach den Guide kaufen, die Checkliste durchgehen und sich auf die Suche nach Ihrem perfekten Gebrauchtsattel machen. Mit dem richtigen Wissen ausgestattet, finden Sie sicher und schnell Ihr neues Schmuckst\u00fcck.<\/p>\n<p>Freuen Sie sich auf eine erfolgreiche Sattelsuche!<\/p>\n<\/div>\n<\/div>\n<\/div>\n<\/div>\n<\/div>\n<\/div>\n<\/div>\n<\/div>\n<\/div>\n<\/div>\n<\/div>\n<\/div>\n","protected":false},"excerpt":{"rendered":"<p>Eine Sammlung meiner pers\u00f6nlichen Erfahrungen zum Thema Gebrauchtsattel Suche, inklusive gro\u00dfer Checkliste.<\/p>\n<p>Geben Sie Ihr Geld lieber f\u00fcr die sch\u00f6nen Dinge aus als Sie f\u00fcr den 5ten Sattel auszugeben, weil er wieder nicht anpassbar ist! Mit meinem Guide finden Sie auch Ihren Traumsattel.<\/p>\n<p>Sie trauen es sich nicht zu selbst einen Sattel zu bewerten? Wir helfen Ihnen sowohl Online als auch Vorort.<\/p>\n<p>&nbsp;<\/p>\n<p>&nbsp;<\/p>\n","protected":false},"featured_media":1749,"comment_status":"open","ping_status":"closed","template":"","meta":[],"product_brand":[],"product_cat":[47,55],"product_tag":[179,181,180],"class_list":{"0":"post-1735","1":"product","2":"type-product","3":"status-publish","4":"has-post-thumbnail","6":"product_cat-beratungen-onlinehilfe-downloads","7":"product_cat-theriis-lieblinge","8":"product_tag-gebrauchte-saettel","9":"product_tag-online-bilfe","10":"product_tag-secondhand","12":"first","13":"instock","14":"sale","15":"downloadable","16":"virtual","17":"taxable","18":"purchasable","19":"product-type-simple"},"yoast_head":"<!-- This site is optimized with the Yoast SEO plugin v24.7 - https:\/\/yoast.com\/wordpress\/plugins\/seo\/ -->\n<title>Gebrauchtsattel Suche Guide &#187; Die Sattlerin.at<\/title>\n<meta name=\"robots\" content=\"index, follow, max-snippet:-1, max-image-preview:large, max-video-preview:-1\" \/>\n<link rel=\"canonical\" href=\"https:\/\/www.diesattlerin.at\/2020\/produkt\/gebrauchtsattel-suche-guide\/\" \/>\n<meta property=\"og:locale\" content=\"de_DE\" \/>\n<meta property=\"og:type\" content=\"article\" \/>\n<meta property=\"og:title\" content=\"Gebrauchtsattel Suche Guide &#187; Die Sattlerin.at\" \/>\n<meta property=\"og:description\" content=\"Eine Sammlung meiner pers\u00f6nlichen Erfahrungen zum Thema Gebrauchtsattel Suche, inklusive gro\u00dfer Checkliste.  Geben Sie Ihr Geld lieber f\u00fcr die sch\u00f6nen Dinge aus als Sie f\u00fcr den 5ten Sattel auszugeben, weil er wieder nicht anpassbar ist! Mit meinem Guide finden Sie auch Ihren Traumsattel.  Sie trauen es sich nicht zu selbst einen Sattel zu bewerten? Wir helfen Ihnen sowohl Online als auch Vorort.  &nbsp;  &nbsp;\" \/>\n<meta property=\"og:url\" content=\"https:\/\/www.diesattlerin.at\/2020\/produkt\/gebrauchtsattel-suche-guide\/\" \/>\n<meta property=\"og:site_name\" content=\"Die Sattlerin.at\" \/>\n<meta property=\"article:modified_time\" content=\"2024-07-22T12:10:48+00:00\" \/>\n<meta property=\"og:image\" content=\"https:\/\/www.diesattlerin.at\/2020\/wp-content\/uploads\/2023\/11\/Gebrauchtsattelcheck.png\" \/>\n\t<meta property=\"og:image:width\" content=\"1414\" \/>\n\t<meta property=\"og:image:height\" content=\"2000\" \/>\n\t<meta property=\"og:image:type\" content=\"image\/png\" \/>\n<meta name=\"twitter:card\" content=\"summary_large_image\" \/>\n<meta name=\"twitter:label1\" content=\"Gesch\u00e4tzte Lesezeit\" \/>\n\t<meta name=\"twitter:data1\" content=\"2\u00a0Minuten\" \/>\n<script type=\"application\/ld+json\" class=\"yoast-schema-graph\">{\"@context\":\"https:\/\/schema.org\",\"@graph\":[{\"@type\":\"WebPage\",\"@id\":\"https:\/\/www.diesattlerin.at\/2020\/produkt\/gebrauchtsattel-suche-guide\/\",\"url\":\"https:\/\/www.diesattlerin.at\/2020\/produkt\/gebrauchtsattel-suche-guide\/\",\"name\":\"Gebrauchtsattel Suche Guide &#187; Die Sattlerin.at\",\"isPartOf\":{\"@id\":\"https:\/\/www.diesattlerin.at\/2020\/#website\"},\"primaryImageOfPage\":{\"@id\":\"https:\/\/www.diesattlerin.at\/2020\/produkt\/gebrauchtsattel-suche-guide\/#primaryimage\"},\"image\":{\"@id\":\"https:\/\/www.diesattlerin.at\/2020\/produkt\/gebrauchtsattel-suche-guide\/#primaryimage\"},\"thumbnailUrl\":\"https:\/\/www.diesattlerin.at\/2020\/wp-content\/uploads\/2023\/11\/Gebrauchtsattelcheck.png\",\"datePublished\":\"2023-11-25T10:35:22+00:00\",\"dateModified\":\"2024-07-22T12:10:48+00:00\",\"breadcrumb\":{\"@id\":\"https:\/\/www.diesattlerin.at\/2020\/produkt\/gebrauchtsattel-suche-guide\/#breadcrumb\"},\"inLanguage\":\"de\",\"potentialAction\":[{\"@type\":\"ReadAction\",\"target\":[\"https:\/\/www.diesattlerin.at\/2020\/produkt\/gebrauchtsattel-suche-guide\/\"]}]},{\"@type\":\"ImageObject\",\"inLanguage\":\"de\",\"@id\":\"https:\/\/www.diesattlerin.at\/2020\/produkt\/gebrauchtsattel-suche-guide\/#primaryimage\",\"url\":\"https:\/\/www.diesattlerin.at\/2020\/wp-content\/uploads\/2023\/11\/Gebrauchtsattelcheck.png\",\"contentUrl\":\"https:\/\/www.diesattlerin.at\/2020\/wp-content\/uploads\/2023\/11\/Gebrauchtsattelcheck.png\",\"width\":1414,\"height\":2000},{\"@type\":\"BreadcrumbList\",\"@id\":\"https:\/\/www.diesattlerin.at\/2020\/produkt\/gebrauchtsattel-suche-guide\/#breadcrumb\",\"itemListElement\":[{\"@type\":\"ListItem\",\"position\":1,\"name\":\"Startseite\",\"item\":\"https:\/\/www.diesattlerin.at\/2020\/\"},{\"@type\":\"ListItem\",\"position\":2,\"name\":\"Shop\",\"item\":\"https:\/\/www.diesattlerin.at\/2020\/shop\/\"},{\"@type\":\"ListItem\",\"position\":3,\"name\":\"Gebrauchtsattel Suche Guide\"}]},{\"@type\":\"WebSite\",\"@id\":\"https:\/\/www.diesattlerin.at\/2020\/#website\",\"url\":\"https:\/\/www.diesattlerin.at\/2020\/\",\"name\":\"DieSattlerin.at\",\"description\":\"F\u00fcr die peferkte Verbindung zwischen Pferd und Reiter\",\"publisher\":{\"@id\":\"https:\/\/www.diesattlerin.at\/2020\/#\/schema\/person\/b2e347c8d990b2c6625ad3406dab25ae\"},\"potentialAction\":[{\"@type\":\"SearchAction\",\"target\":{\"@type\":\"EntryPoint\",\"urlTemplate\":\"https:\/\/www.diesattlerin.at\/2020\/?s={search_term_string}\"},\"query-input\":{\"@type\":\"PropertyValueSpecification\",\"valueRequired\":true,\"valueName\":\"search_term_string\"}}],\"inLanguage\":\"de\"},{\"@type\":[\"Person\",\"Organization\"],\"@id\":\"https:\/\/www.diesattlerin.at\/2020\/#\/schema\/person\/b2e347c8d990b2c6625ad3406dab25ae\",\"name\":\"Theresa Stern\",\"image\":{\"@type\":\"ImageObject\",\"inLanguage\":\"de\",\"@id\":\"https:\/\/www.diesattlerin.at\/2020\/#\/schema\/person\/image\/\",\"url\":\"https:\/\/secure.gravatar.com\/avatar\/2ace1a28597fedd70ab057b04196cc48c92122397db6802ce72950f59c7e4f35?s=96&d=mm&r=g\",\"contentUrl\":\"https:\/\/secure.gravatar.com\/avatar\/2ace1a28597fedd70ab057b04196cc48c92122397db6802ce72950f59c7e4f35?s=96&d=mm&r=g\",\"caption\":\"Theresa Stern\"},\"logo\":{\"@id\":\"https:\/\/www.diesattlerin.at\/2020\/#\/schema\/person\/image\/\"}}]}<\/script>\n<!-- \/ Yoast SEO plugin. -->","yoast_head_json":{"title":"Gebrauchtsattel Suche Guide &#187; Die Sattlerin.at","robots":{"index":"index","follow":"follow","max-snippet":"max-snippet:-1","max-image-preview":"max-image-preview:large","max-video-preview":"max-video-preview:-1"},"canonical":"https:\/\/www.diesattlerin.at\/2020\/produkt\/gebrauchtsattel-suche-guide\/","og_locale":"de_DE","og_type":"article","og_title":"Gebrauchtsattel Suche Guide &#187; Die Sattlerin.at","og_description":"Eine Sammlung meiner pers\u00f6nlichen Erfahrungen zum Thema Gebrauchtsattel Suche, inklusive gro\u00dfer Checkliste.  Geben Sie Ihr Geld lieber f\u00fcr die sch\u00f6nen Dinge aus als Sie f\u00fcr den 5ten Sattel auszugeben, weil er wieder nicht anpassbar ist! Mit meinem Guide finden Sie auch Ihren Traumsattel.  Sie trauen es sich nicht zu selbst einen Sattel zu bewerten? Wir helfen Ihnen sowohl Online als auch Vorort.  &nbsp;  &nbsp;","og_url":"https:\/\/www.diesattlerin.at\/2020\/produkt\/gebrauchtsattel-suche-guide\/","og_site_name":"Die Sattlerin.at","article_modified_time":"2024-07-22T12:10:48+00:00","og_image":[{"width":1414,"height":2000,"url":"https:\/\/www.diesattlerin.at\/2020\/wp-content\/uploads\/2023\/11\/Gebrauchtsattelcheck.png","type":"image\/png"}],"twitter_card":"summary_large_image","twitter_misc":{"Gesch\u00e4tzte Lesezeit":"2\u00a0Minuten"},"schema":{"@context":"https:\/\/schema.org","@graph":[{"@type":"WebPage","@id":"https:\/\/www.diesattlerin.at\/2020\/produkt\/gebrauchtsattel-suche-guide\/","url":"https:\/\/www.diesattlerin.at\/2020\/produkt\/gebrauchtsattel-suche-guide\/","name":"Gebrauchtsattel Suche Guide &#187; Die Sattlerin.at","isPartOf":{"@id":"https:\/\/www.diesattlerin.at\/2020\/#website"},"primaryImageOfPage":{"@id":"https:\/\/www.diesattlerin.at\/2020\/produkt\/gebrauchtsattel-suche-guide\/#primaryimage"},"image":{"@id":"https:\/\/www.diesattlerin.at\/2020\/produkt\/gebrauchtsattel-suche-guide\/#primaryimage"},"thumbnailUrl":"https:\/\/www.diesattlerin.at\/2020\/wp-content\/uploads\/2023\/11\/Gebrauchtsattelcheck.png","datePublished":"2023-11-25T10:35:22+00:00","dateModified":"2024-07-22T12:10:48+00:00","breadcrumb":{"@id":"https:\/\/www.diesattlerin.at\/2020\/produkt\/gebrauchtsattel-suche-guide\/#breadcrumb"},"inLanguage":"de","potentialAction":[{"@type":"ReadAction","target":["https:\/\/www.diesattlerin.at\/2020\/produkt\/gebrauchtsattel-suche-guide\/"]}]},{"@type":"ImageObject","inLanguage":"de","@id":"https:\/\/www.diesattlerin.at\/2020\/produkt\/gebrauchtsattel-suche-guide\/#primaryimage","url":"https:\/\/www.diesattlerin.at\/2020\/wp-content\/uploads\/2023\/11\/Gebrauchtsattelcheck.png","contentUrl":"https:\/\/www.diesattlerin.at\/2020\/wp-content\/uploads\/2023\/11\/Gebrauchtsattelcheck.png","width":1414,"height":2000},{"@type":"BreadcrumbList","@id":"https:\/\/www.diesattlerin.at\/2020\/produkt\/gebrauchtsattel-suche-guide\/#breadcrumb","itemListElement":[{"@type":"ListItem","position":1,"name":"Startseite","item":"https:\/\/www.diesattlerin.at\/2020\/"},{"@type":"ListItem","position":2,"name":"Shop","item":"https:\/\/www.diesattlerin.at\/2020\/shop\/"},{"@type":"ListItem","position":3,"name":"Gebrauchtsattel Suche Guide"}]},{"@type":"WebSite","@id":"https:\/\/www.diesattlerin.at\/2020\/#website","url":"https:\/\/www.diesattlerin.at\/2020\/","name":"DieSattlerin.at","description":"F\u00fcr die peferkte Verbindung zwischen Pferd und Reiter","publisher":{"@id":"https:\/\/www.diesattlerin.at\/2020\/#\/schema\/person\/b2e347c8d990b2c6625ad3406dab25ae"},"potentialAction":[{"@type":"SearchAction","target":{"@type":"EntryPoint","urlTemplate":"https:\/\/www.diesattlerin.at\/2020\/?s={search_term_string}"},"query-input":{"@type":"PropertyValueSpecification","valueRequired":true,"valueName":"search_term_string"}}],"inLanguage":"de"},{"@type":["Person","Organization"],"@id":"https:\/\/www.diesattlerin.at\/2020\/#\/schema\/person\/b2e347c8d990b2c6625ad3406dab25ae","name":"Theresa Stern","image":{"@type":"ImageObject","inLanguage":"de","@id":"https:\/\/www.diesattlerin.at\/2020\/#\/schema\/person\/image\/","url":"https:\/\/secure.gravatar.com\/avatar\/2ace1a28597fedd70ab057b04196cc48c92122397db6802ce72950f59c7e4f35?s=96&d=mm&r=g","contentUrl":"https:\/\/secure.gravatar.com\/avatar\/2ace1a28597fedd70ab057b04196cc48c92122397db6802ce72950f59c7e4f35?s=96&d=mm&r=g","caption":"Theresa Stern"},"logo":{"@id":"https:\/\/www.diesattlerin.at\/2020\/#\/schema\/person\/image\/"}}]}},"_links":{"self":[{"href":"https:\/\/www.diesattlerin.at\/2020\/wp-json\/wp\/v2\/product\/1735","targetHints":{"allow":["GET"]}}],"collection":[{"href":"https:\/\/www.diesattlerin.at\/2020\/wp-json\/wp\/v2\/product"}],"about":[{"href":"https:\/\/www.diesattlerin.at\/2020\/wp-json\/wp\/v2\/types\/product"}],"replies":[{"embeddable":true,"href":"https:\/\/www.diesattlerin.at\/2020\/wp-json\/wp\/v2\/comments?post=1735"}],"wp:featuredmedia":[{"embeddable":true,"href":"https:\/\/www.diesattlerin.at\/2020\/wp-json\/wp\/v2\/media\/1749"}],"wp:attachment":[{"href":"https:\/\/www.diesattlerin.at\/2020\/wp-json\/wp\/v2\/media?parent=1735"}],"wp:term":[{"taxonomy":"product_brand","embeddable":true,"href":"https:\/\/www.diesattlerin.at\/2020\/wp-json\/wp\/v2\/product_brand?post=1735"},{"taxonomy":"product_cat","embeddable":true,"href":"https:\/\/www.diesattlerin.at\/2020\/wp-json\/wp\/v2\/product_cat?post=1735"},{"taxonomy":"product_tag","embeddable":true,"href":"https:\/\/www.diesattlerin.at\/2020\/wp-json\/wp\/v2\/product_tag?post=1735"}],"curies":[{"name":"wp","href":"https:\/\/api.w.org\/{rel}","templated":true}]}}