{"id":1733,"date":"2023-11-25T11:35:22","date_gmt":"2023-11-25T10:35:22","guid":{"rendered":"https:\/\/www.diesattlerin.at\/2020\/?post_type=product&#038;p=1733"},"modified":"2023-11-26T14:25:05","modified_gmt":"2023-11-26T13:25:05","slug":"online-sattel-check","status":"publish","type":"product","link":"https:\/\/www.diesattlerin.at\/2020\/produkt\/online-sattel-check\/","title":{"rendered":"Online Sattel Check"},"content":{"rendered":"<div class=\"fusion-title title fusion-title-1 fusion-sep-none fusion-title-center fusion-title-text fusion-title-size-one fusion-border-below-title\">\n<h1 class=\"title-heading-center\">Online Sattel Check<br \/>\n<strong style=\"font-size: 16px;\">Optimieren Sie das Wohlbefinden Ihres Pferdes<\/strong><\/h1>\n<\/div>\n<div class=\"fusion-title title fusion-title-2 fusion-sep-none fusion-title-center fusion-title-text fusion-title-size-one fusion-border-below-title\">\n<p>Geben Sie Ihrem Pferd das Beste an Komfort und Unterst\u00fctzung mit unserem innovativen Online Sattel Check. Perfekt erg\u00e4nzend zu Ihren regelm\u00e4\u00dfigen Vor-Ort-Checks im Stall, bietet unser Online-Service eine bequeme und effiziente M\u00f6glichkeit, den Sattel Ihres Pferdes zu \u00fcberpr\u00fcfen und anzupassen.<\/p>\n<p><strong>Wie funktioniert es?<\/strong><\/p>\n<ol>\n<li><strong>Vorab-Analyse:<\/strong> Nach dem Kauf f\u00fcllen Sie einfach unser detailliertes <a href=\"https:\/\/www.diesattlerin.at\/2020\/online-sattel-check\/\">Formular aus <\/a>\u00a0und senden uns die ben\u00f6tigten Fotos Ihres Pferdes und des Sattels. Diese Informationen sind essentiell, um eine pr\u00e4zise Ist-Analyse Ihrer aktuellen Sattelausstattung zu erstellen.<\/li>\n<li><strong>StableVideo Call:<\/strong> Wir vereinbaren einen Termin f\u00fcr einen Videoanruf direkt in Ihrem Stall. Dieser Call, der etwa 30 Minuten dauert, erm\u00f6glicht es unserem Expertenteam, Vorallem den Schwerpunkt in Echtzeit zu bewerten und individuelle Anpassungsempfehlungen zu geben.Perfekte Erg\u00e4nzung zu unseren Vor-Ort-Terminen.<\/li>\n<\/ol>\n<p><strong>So starten Sie:<\/strong> Ergreifen Sie die Initiative f\u00fcr das Wohlbefinden Ihres Pferdes. F\u00fcgen Sie den Online Sattel Check Ihrem Warenkorb hinzu und vervollst\u00e4ndigen Sie nach dem Kauf das <a href=\"https:\/\/www.diesattlerin.at\/2020\/online-sattel-check\/\">Formular<\/a>. Unser Team wird sich umgehend mit Ihnen in Verbindung setzen, um Ihren StableVideo Call zu planen.<\/p>\n<p><strong>Investieren Sie in den Komfort Ihres Pferdes \u2013 mit unserem Online Sattel Check.<\/strong><\/p>\n<\/div>\n","protected":false},"excerpt":{"rendered":"<p>Online Sattel Check Optimieren Sie das Wohlbefinden Ihres Pferdes Geben [&hellip;]<\/p>\n","protected":false},"featured_media":1747,"comment_status":"open","ping_status":"closed","template":"","meta":[],"product_brand":[],"product_cat":[47,50,54,55],"product_tag":[],"class_list":{"0":"post-1733","1":"product","2":"type-product","3":"status-publish","4":"has-post-thumbnail","6":"product_cat-beratungen-onlinehilfe-downloads","7":"product_cat-pferd","8":"product_cat-sattelzubehoer","9":"product_cat-theriis-lieblinge","11":"first","12":"instock","13":"sale","14":"virtual","15":"taxable","16":"purchasable","17":"product-type-simple"},"yoast_head":"<!-- This site is optimized with the Yoast SEO plugin v24.7 - https:\/\/yoast.com\/wordpress\/plugins\/seo\/ -->\n<title>Online Sattel Check &#187; Die Sattlerin.at<\/title>\n<meta name=\"robots\" content=\"index, follow, max-snippet:-1, max-image-preview:large, max-video-preview:-1\" \/>\n<link rel=\"canonical\" href=\"https:\/\/www.diesattlerin.at\/2020\/produkt\/online-sattel-check\/\" \/>\n<meta property=\"og:locale\" content=\"de_DE\" \/>\n<meta property=\"og:type\" content=\"article\" \/>\n<meta property=\"og:title\" content=\"Online Sattel Check &#187; Die Sattlerin.at\" \/>\n<meta property=\"og:description\" content=\"Online Sattel Check Optimieren Sie das Wohlbefinden Ihres Pferdes Geben [&hellip;]\" \/>\n<meta property=\"og:url\" content=\"https:\/\/www.diesattlerin.at\/2020\/produkt\/online-sattel-check\/\" \/>\n<meta property=\"og:site_name\" content=\"Die Sattlerin.at\" \/>\n<meta property=\"article:modified_time\" content=\"2023-11-26T13:25:05+00:00\" \/>\n<meta property=\"og:image\" content=\"https:\/\/www.diesattlerin.at\/2020\/wp-content\/uploads\/2023\/11\/WhatsApp-Image-2022-02-10-at-22.35.24.jpeg\" \/>\n\t<meta property=\"og:image:width\" content=\"1640\" \/>\n\t<meta property=\"og:image:height\" content=\"924\" \/>\n\t<meta property=\"og:image:type\" content=\"image\/jpeg\" \/>\n<meta name=\"twitter:card\" content=\"summary_large_image\" \/>\n<meta name=\"twitter:label1\" content=\"Gesch\u00e4tzte Lesezeit\" \/>\n\t<meta name=\"twitter:data1\" content=\"2\u00a0Minuten\" \/>\n<script type=\"application\/ld+json\" class=\"yoast-schema-graph\">{\"@context\":\"https:\/\/schema.org\",\"@graph\":[{\"@type\":\"WebPage\",\"@id\":\"https:\/\/www.diesattlerin.at\/2020\/produkt\/online-sattel-check\/\",\"url\":\"https:\/\/www.diesattlerin.at\/2020\/produkt\/online-sattel-check\/\",\"name\":\"Online Sattel Check &#187; Die Sattlerin.at\",\"isPartOf\":{\"@id\":\"https:\/\/www.diesattlerin.at\/2020\/#website\"},\"primaryImageOfPage\":{\"@id\":\"https:\/\/www.diesattlerin.at\/2020\/produkt\/online-sattel-check\/#primaryimage\"},\"image\":{\"@id\":\"https:\/\/www.diesattlerin.at\/2020\/produkt\/online-sattel-check\/#primaryimage\"},\"thumbnailUrl\":\"https:\/\/www.diesattlerin.at\/2020\/wp-content\/uploads\/2023\/11\/WhatsApp-Image-2022-02-10-at-22.35.24.jpeg\",\"datePublished\":\"2023-11-25T10:35:22+00:00\",\"dateModified\":\"2023-11-26T13:25:05+00:00\",\"breadcrumb\":{\"@id\":\"https:\/\/www.diesattlerin.at\/2020\/produkt\/online-sattel-check\/#breadcrumb\"},\"inLanguage\":\"de\",\"potentialAction\":[{\"@type\":\"ReadAction\",\"target\":[\"https:\/\/www.diesattlerin.at\/2020\/produkt\/online-sattel-check\/\"]}]},{\"@type\":\"ImageObject\",\"inLanguage\":\"de\",\"@id\":\"https:\/\/www.diesattlerin.at\/2020\/produkt\/online-sattel-check\/#primaryimage\",\"url\":\"https:\/\/www.diesattlerin.at\/2020\/wp-content\/uploads\/2023\/11\/WhatsApp-Image-2022-02-10-at-22.35.24.jpeg\",\"contentUrl\":\"https:\/\/www.diesattlerin.at\/2020\/wp-content\/uploads\/2023\/11\/WhatsApp-Image-2022-02-10-at-22.35.24.jpeg\",\"width\":1640,\"height\":924},{\"@type\":\"BreadcrumbList\",\"@id\":\"https:\/\/www.diesattlerin.at\/2020\/produkt\/online-sattel-check\/#breadcrumb\",\"itemListElement\":[{\"@type\":\"ListItem\",\"position\":1,\"name\":\"Startseite\",\"item\":\"https:\/\/www.diesattlerin.at\/2020\/\"},{\"@type\":\"ListItem\",\"position\":2,\"name\":\"Shop\",\"item\":\"https:\/\/www.diesattlerin.at\/2020\/shop\/\"},{\"@type\":\"ListItem\",\"position\":3,\"name\":\"Online Sattel Check\"}]},{\"@type\":\"WebSite\",\"@id\":\"https:\/\/www.diesattlerin.at\/2020\/#website\",\"url\":\"https:\/\/www.diesattlerin.at\/2020\/\",\"name\":\"DieSattlerin.at\",\"description\":\"F\u00fcr die peferkte Verbindung zwischen Pferd und Reiter\",\"publisher\":{\"@id\":\"https:\/\/www.diesattlerin.at\/2020\/#\/schema\/person\/b2e347c8d990b2c6625ad3406dab25ae\"},\"potentialAction\":[{\"@type\":\"SearchAction\",\"target\":{\"@type\":\"EntryPoint\",\"urlTemplate\":\"https:\/\/www.diesattlerin.at\/2020\/?s={search_term_string}\"},\"query-input\":{\"@type\":\"PropertyValueSpecification\",\"valueRequired\":true,\"valueName\":\"search_term_string\"}}],\"inLanguage\":\"de\"},{\"@type\":[\"Person\",\"Organization\"],\"@id\":\"https:\/\/www.diesattlerin.at\/2020\/#\/schema\/person\/b2e347c8d990b2c6625ad3406dab25ae\",\"name\":\"Theresa Stern\",\"image\":{\"@type\":\"ImageObject\",\"inLanguage\":\"de\",\"@id\":\"https:\/\/www.diesattlerin.at\/2020\/#\/schema\/person\/image\/\",\"url\":\"https:\/\/secure.gravatar.com\/avatar\/2ace1a28597fedd70ab057b04196cc48c92122397db6802ce72950f59c7e4f35?s=96&d=mm&r=g\",\"contentUrl\":\"https:\/\/secure.gravatar.com\/avatar\/2ace1a28597fedd70ab057b04196cc48c92122397db6802ce72950f59c7e4f35?s=96&d=mm&r=g\",\"caption\":\"Theresa Stern\"},\"logo\":{\"@id\":\"https:\/\/www.diesattlerin.at\/2020\/#\/schema\/person\/image\/\"}}]}<\/script>\n<!-- \/ Yoast SEO plugin. -->","yoast_head_json":{"title":"Online Sattel Check &#187; Die Sattlerin.at","robots":{"index":"index","follow":"follow","max-snippet":"max-snippet:-1","max-image-preview":"max-image-preview:large","max-video-preview":"max-video-preview:-1"},"canonical":"https:\/\/www.diesattlerin.at\/2020\/produkt\/online-sattel-check\/","og_locale":"de_DE","og_type":"article","og_title":"Online Sattel Check &#187; Die Sattlerin.at","og_description":"Online Sattel Check Optimieren Sie das Wohlbefinden Ihres Pferdes Geben [&hellip;]","og_url":"https:\/\/www.diesattlerin.at\/2020\/produkt\/online-sattel-check\/","og_site_name":"Die Sattlerin.at","article_modified_time":"2023-11-26T13:25:05+00:00","og_image":[{"width":1640,"height":924,"url":"https:\/\/www.diesattlerin.at\/2020\/wp-content\/uploads\/2023\/11\/WhatsApp-Image-2022-02-10-at-22.35.24.jpeg","type":"image\/jpeg"}],"twitter_card":"summary_large_image","twitter_misc":{"Gesch\u00e4tzte Lesezeit":"2\u00a0Minuten"},"schema":{"@context":"https:\/\/schema.org","@graph":[{"@type":"WebPage","@id":"https:\/\/www.diesattlerin.at\/2020\/produkt\/online-sattel-check\/","url":"https:\/\/www.diesattlerin.at\/2020\/produkt\/online-sattel-check\/","name":"Online Sattel Check &#187; Die Sattlerin.at","isPartOf":{"@id":"https:\/\/www.diesattlerin.at\/2020\/#website"},"primaryImageOfPage":{"@id":"https:\/\/www.diesattlerin.at\/2020\/produkt\/online-sattel-check\/#primaryimage"},"image":{"@id":"https:\/\/www.diesattlerin.at\/2020\/produkt\/online-sattel-check\/#primaryimage"},"thumbnailUrl":"https:\/\/www.diesattlerin.at\/2020\/wp-content\/uploads\/2023\/11\/WhatsApp-Image-2022-02-10-at-22.35.24.jpeg","datePublished":"2023-11-25T10:35:22+00:00","dateModified":"2023-11-26T13:25:05+00:00","breadcrumb":{"@id":"https:\/\/www.diesattlerin.at\/2020\/produkt\/online-sattel-check\/#breadcrumb"},"inLanguage":"de","potentialAction":[{"@type":"ReadAction","target":["https:\/\/www.diesattlerin.at\/2020\/produkt\/online-sattel-check\/"]}]},{"@type":"ImageObject","inLanguage":"de","@id":"https:\/\/www.diesattlerin.at\/2020\/produkt\/online-sattel-check\/#primaryimage","url":"https:\/\/www.diesattlerin.at\/2020\/wp-content\/uploads\/2023\/11\/WhatsApp-Image-2022-02-10-at-22.35.24.jpeg","contentUrl":"https:\/\/www.diesattlerin.at\/2020\/wp-content\/uploads\/2023\/11\/WhatsApp-Image-2022-02-10-at-22.35.24.jpeg","width":1640,"height":924},{"@type":"BreadcrumbList","@id":"https:\/\/www.diesattlerin.at\/2020\/produkt\/online-sattel-check\/#breadcrumb","itemListElement":[{"@type":"ListItem","position":1,"name":"Startseite","item":"https:\/\/www.diesattlerin.at\/2020\/"},{"@type":"ListItem","position":2,"name":"Shop","item":"https:\/\/www.diesattlerin.at\/2020\/shop\/"},{"@type":"ListItem","position":3,"name":"Online Sattel Check"}]},{"@type":"WebSite","@id":"https:\/\/www.diesattlerin.at\/2020\/#website","url":"https:\/\/www.diesattlerin.at\/2020\/","name":"DieSattlerin.at","description":"F\u00fcr die peferkte Verbindung zwischen Pferd und Reiter","publisher":{"@id":"https:\/\/www.diesattlerin.at\/2020\/#\/schema\/person\/b2e347c8d990b2c6625ad3406dab25ae"},"potentialAction":[{"@type":"SearchAction","target":{"@type":"EntryPoint","urlTemplate":"https:\/\/www.diesattlerin.at\/2020\/?s={search_term_string}"},"query-input":{"@type":"PropertyValueSpecification","valueRequired":true,"valueName":"search_term_string"}}],"inLanguage":"de"},{"@type":["Person","Organization"],"@id":"https:\/\/www.diesattlerin.at\/2020\/#\/schema\/person\/b2e347c8d990b2c6625ad3406dab25ae","name":"Theresa Stern","image":{"@type":"ImageObject","inLanguage":"de","@id":"https:\/\/www.diesattlerin.at\/2020\/#\/schema\/person\/image\/","url":"https:\/\/secure.gravatar.com\/avatar\/2ace1a28597fedd70ab057b04196cc48c92122397db6802ce72950f59c7e4f35?s=96&d=mm&r=g","contentUrl":"https:\/\/secure.gravatar.com\/avatar\/2ace1a28597fedd70ab057b04196cc48c92122397db6802ce72950f59c7e4f35?s=96&d=mm&r=g","caption":"Theresa Stern"},"logo":{"@id":"https:\/\/www.diesattlerin.at\/2020\/#\/schema\/person\/image\/"}}]}},"_links":{"self":[{"href":"https:\/\/www.diesattlerin.at\/2020\/wp-json\/wp\/v2\/product\/1733","targetHints":{"allow":["GET"]}}],"collection":[{"href":"https:\/\/www.diesattlerin.at\/2020\/wp-json\/wp\/v2\/product"}],"about":[{"href":"https:\/\/www.diesattlerin.at\/2020\/wp-json\/wp\/v2\/types\/product"}],"replies":[{"embeddable":true,"href":"https:\/\/www.diesattlerin.at\/2020\/wp-json\/wp\/v2\/comments?post=1733"}],"wp:featuredmedia":[{"embeddable":true,"href":"https:\/\/www.diesattlerin.at\/2020\/wp-json\/wp\/v2\/media\/1747"}],"wp:attachment":[{"href":"https:\/\/www.diesattlerin.at\/2020\/wp-json\/wp\/v2\/media?parent=1733"}],"wp:term":[{"taxonomy":"product_brand","embeddable":true,"href":"https:\/\/www.diesattlerin.at\/2020\/wp-json\/wp\/v2\/product_brand?post=1733"},{"taxonomy":"product_cat","embeddable":true,"href":"https:\/\/www.diesattlerin.at\/2020\/wp-json\/wp\/v2\/product_cat?post=1733"},{"taxonomy":"product_tag","embeddable":true,"href":"https:\/\/www.diesattlerin.at\/2020\/wp-json\/wp\/v2\/product_tag?post=1733"}],"curies":[{"name":"wp","href":"https:\/\/api.w.org\/{rel}","templated":true}]}}