{"id":1390,"date":"2023-11-18T21:06:54","date_gmt":"2023-11-18T20:06:54","guid":{"rendered":"https:\/\/www.diesattlerin.at\/2020\/?post_type=product&#038;p=1390"},"modified":"2023-11-18T21:35:33","modified_gmt":"2023-11-18T20:35:33","slug":"sommer-premium-pflegelinie","status":"publish","type":"product","link":"https:\/\/www.diesattlerin.at\/2020\/produkt\/sommer-premium-pflegelinie\/","title":{"rendered":"Sommer Premium Pflegelinie"},"content":{"rendered":"<div id=\"c353\" class=\"csc-default csc-space-before-30\">\n<p class=\"bodytext\">Mit diesen Produkten sind Sie im Besitz eines hochwertigen Qualit\u00e4tsprodukts aus Leder, das einer regelm\u00e4\u00dfigen Pflege bedarf, um nicht nur die Sch\u00f6nheit sondern auch eine lange Lebensdauer und Sicherheit zu gew\u00e4hrleisten. Pflegen Sie Ihren Sattel regelm\u00e4\u00dfig.<\/p>\n<\/div>\n<div id=\"c354\" class=\"csc-default\">\n<div class=\"row\">\n<div class=\"col-md-6\">\n<div id=\"c355\" class=\"csc-default\">\n<div class=\"csc-header csc-header-n1\">\n<h1 class=\"csc-firstHeader\">Pflegehinweise<\/h1>\n<\/div>\n<ul>\n<li>Verwenden Sie Sommer <a class=\"internal-link\" title=\"Opens internal link in current window\" href=\"https:\/\/www.sattelmacher.com\/zubehoer\/pflegeartikel\/\">Pflegeprodukte<\/a>,<br \/>\num eine qualit\u00e4tsbewusste Pflege zu gew\u00e4hrleisten.<\/li>\n<li>Pflegen Sie Ihren Sattel bei Bedarf monatlich,<br \/>\nggf. auch \u00f6fter.<\/li>\n<li>Pflegen Sie alle Teile des Sattels \u2013<br \/>\nau\u00dfer den Gurtstrippen.<\/li>\n<li>Lagerns Sie Ihren Sattel trocken und gesch\u00fctzt.<\/li>\n<\/ul>\n<\/div>\n<p>How to? &#8211; Wir empfehlen das reinigen mit dem Lederreiniger und eine Pflege mit Romosol in der gew\u00fcnschten Farbe.<\/p>\n<p>Remosol Color ist eine Farbcreme zum auffrischen der Lederfarbe. die bei Ben\u00fctzung aber nicht abf\u00e4rbt! Zur Anwendung beraten wir sie gerne!<\/p>\n<\/div>\n<\/div>\n<\/div>\n","protected":false},"excerpt":{"rendered":"<p>Mit diesen Produkten sind Sie im Besitz eines hochwertigen Qualit\u00e4tsprodukts [&hellip;]<\/p>\n","protected":false},"featured_media":1256,"comment_status":"open","ping_status":"closed","template":"","meta":[],"product_brand":[],"product_cat":[52,50,53,54,45],"product_tag":[],"class_list":{"0":"post-1390","1":"product","2":"type-product","3":"status-publish","4":"has-post-thumbnail","6":"product_cat-lederpflege","7":"product_cat-pferd","8":"product_cat-reiter-geschenke","9":"product_cat-sattelzubehoer","10":"product_cat-sommer-lieblinge","12":"first","13":"instock","14":"taxable","15":"shipping-taxable","16":"purchasable","17":"product-type-variable"},"yoast_head":"<!-- This site is optimized with the Yoast SEO plugin v24.7 - https:\/\/yoast.com\/wordpress\/plugins\/seo\/ -->\n<title>Sommer Premium Pflegelinie &#187; Die Sattlerin.at<\/title>\n<meta name=\"robots\" content=\"index, follow, max-snippet:-1, max-image-preview:large, max-video-preview:-1\" \/>\n<link rel=\"canonical\" href=\"https:\/\/www.diesattlerin.at\/2020\/produkt\/sommer-premium-pflegelinie\/\" \/>\n<meta property=\"og:locale\" content=\"de_DE\" \/>\n<meta property=\"og:type\" content=\"article\" \/>\n<meta property=\"og:title\" content=\"Sommer Premium Pflegelinie &#187; Die Sattlerin.at\" \/>\n<meta property=\"og:description\" content=\"Mit diesen Produkten sind Sie im Besitz eines hochwertigen Qualit\u00e4tsprodukts [&hellip;]\" \/>\n<meta property=\"og:url\" content=\"https:\/\/www.diesattlerin.at\/2020\/produkt\/sommer-premium-pflegelinie\/\" \/>\n<meta property=\"og:site_name\" content=\"Die Sattlerin.at\" \/>\n<meta property=\"article:modified_time\" content=\"2023-11-18T20:35:33+00:00\" \/>\n<meta name=\"twitter:card\" content=\"summary_large_image\" \/>\n<meta name=\"twitter:label1\" content=\"Gesch\u00e4tzte Lesezeit\" \/>\n\t<meta name=\"twitter:data1\" content=\"1\u00a0Minute\" \/>\n<script type=\"application\/ld+json\" class=\"yoast-schema-graph\">{\"@context\":\"https:\/\/schema.org\",\"@graph\":[{\"@type\":\"WebPage\",\"@id\":\"https:\/\/www.diesattlerin.at\/2020\/produkt\/sommer-premium-pflegelinie\/\",\"url\":\"https:\/\/www.diesattlerin.at\/2020\/produkt\/sommer-premium-pflegelinie\/\",\"name\":\"Sommer Premium Pflegelinie &#187; Die Sattlerin.at\",\"isPartOf\":{\"@id\":\"https:\/\/www.diesattlerin.at\/2020\/#website\"},\"primaryImageOfPage\":{\"@id\":\"https:\/\/www.diesattlerin.at\/2020\/produkt\/sommer-premium-pflegelinie\/#primaryimage\"},\"image\":{\"@id\":\"https:\/\/www.diesattlerin.at\/2020\/produkt\/sommer-premium-pflegelinie\/#primaryimage\"},\"thumbnailUrl\":\"https:\/\/www.diesattlerin.at\/2020\/wp-content\/uploads\/2023\/11\/71rdmfndtbl._sl1500_.jpg\",\"datePublished\":\"2023-11-18T20:06:54+00:00\",\"dateModified\":\"2023-11-18T20:35:33+00:00\",\"breadcrumb\":{\"@id\":\"https:\/\/www.diesattlerin.at\/2020\/produkt\/sommer-premium-pflegelinie\/#breadcrumb\"},\"inLanguage\":\"de\",\"potentialAction\":[{\"@type\":\"ReadAction\",\"target\":[\"https:\/\/www.diesattlerin.at\/2020\/produkt\/sommer-premium-pflegelinie\/\"]}]},{\"@type\":\"ImageObject\",\"inLanguage\":\"de\",\"@id\":\"https:\/\/www.diesattlerin.at\/2020\/produkt\/sommer-premium-pflegelinie\/#primaryimage\",\"url\":\"https:\/\/www.diesattlerin.at\/2020\/wp-content\/uploads\/2023\/11\/71rdmfndtbl._sl1500_.jpg\",\"contentUrl\":\"https:\/\/www.diesattlerin.at\/2020\/wp-content\/uploads\/2023\/11\/71rdmfndtbl._sl1500_.jpg\",\"width\":1200,\"height\":800},{\"@type\":\"BreadcrumbList\",\"@id\":\"https:\/\/www.diesattlerin.at\/2020\/produkt\/sommer-premium-pflegelinie\/#breadcrumb\",\"itemListElement\":[{\"@type\":\"ListItem\",\"position\":1,\"name\":\"Startseite\",\"item\":\"https:\/\/www.diesattlerin.at\/2020\/\"},{\"@type\":\"ListItem\",\"position\":2,\"name\":\"Shop\",\"item\":\"https:\/\/www.diesattlerin.at\/2020\/shop\/\"},{\"@type\":\"ListItem\",\"position\":3,\"name\":\"Sommer Premium Pflegelinie\"}]},{\"@type\":\"WebSite\",\"@id\":\"https:\/\/www.diesattlerin.at\/2020\/#website\",\"url\":\"https:\/\/www.diesattlerin.at\/2020\/\",\"name\":\"DieSattlerin.at\",\"description\":\"F\u00fcr die peferkte Verbindung zwischen Pferd und Reiter\",\"publisher\":{\"@id\":\"https:\/\/www.diesattlerin.at\/2020\/#\/schema\/person\/b2e347c8d990b2c6625ad3406dab25ae\"},\"potentialAction\":[{\"@type\":\"SearchAction\",\"target\":{\"@type\":\"EntryPoint\",\"urlTemplate\":\"https:\/\/www.diesattlerin.at\/2020\/?s={search_term_string}\"},\"query-input\":{\"@type\":\"PropertyValueSpecification\",\"valueRequired\":true,\"valueName\":\"search_term_string\"}}],\"inLanguage\":\"de\"},{\"@type\":[\"Person\",\"Organization\"],\"@id\":\"https:\/\/www.diesattlerin.at\/2020\/#\/schema\/person\/b2e347c8d990b2c6625ad3406dab25ae\",\"name\":\"Theresa Stern\",\"image\":{\"@type\":\"ImageObject\",\"inLanguage\":\"de\",\"@id\":\"https:\/\/www.diesattlerin.at\/2020\/#\/schema\/person\/image\/\",\"url\":\"https:\/\/secure.gravatar.com\/avatar\/2ace1a28597fedd70ab057b04196cc48c92122397db6802ce72950f59c7e4f35?s=96&d=mm&r=g\",\"contentUrl\":\"https:\/\/secure.gravatar.com\/avatar\/2ace1a28597fedd70ab057b04196cc48c92122397db6802ce72950f59c7e4f35?s=96&d=mm&r=g\",\"caption\":\"Theresa Stern\"},\"logo\":{\"@id\":\"https:\/\/www.diesattlerin.at\/2020\/#\/schema\/person\/image\/\"}}]}<\/script>\n<!-- \/ Yoast SEO plugin. -->","yoast_head_json":{"title":"Sommer Premium Pflegelinie &#187; Die Sattlerin.at","robots":{"index":"index","follow":"follow","max-snippet":"max-snippet:-1","max-image-preview":"max-image-preview:large","max-video-preview":"max-video-preview:-1"},"canonical":"https:\/\/www.diesattlerin.at\/2020\/produkt\/sommer-premium-pflegelinie\/","og_locale":"de_DE","og_type":"article","og_title":"Sommer Premium Pflegelinie &#187; Die Sattlerin.at","og_description":"Mit diesen Produkten sind Sie im Besitz eines hochwertigen Qualit\u00e4tsprodukts [&hellip;]","og_url":"https:\/\/www.diesattlerin.at\/2020\/produkt\/sommer-premium-pflegelinie\/","og_site_name":"Die Sattlerin.at","article_modified_time":"2023-11-18T20:35:33+00:00","twitter_card":"summary_large_image","twitter_misc":{"Gesch\u00e4tzte Lesezeit":"1\u00a0Minute"},"schema":{"@context":"https:\/\/schema.org","@graph":[{"@type":"WebPage","@id":"https:\/\/www.diesattlerin.at\/2020\/produkt\/sommer-premium-pflegelinie\/","url":"https:\/\/www.diesattlerin.at\/2020\/produkt\/sommer-premium-pflegelinie\/","name":"Sommer Premium Pflegelinie &#187; Die Sattlerin.at","isPartOf":{"@id":"https:\/\/www.diesattlerin.at\/2020\/#website"},"primaryImageOfPage":{"@id":"https:\/\/www.diesattlerin.at\/2020\/produkt\/sommer-premium-pflegelinie\/#primaryimage"},"image":{"@id":"https:\/\/www.diesattlerin.at\/2020\/produkt\/sommer-premium-pflegelinie\/#primaryimage"},"thumbnailUrl":"https:\/\/www.diesattlerin.at\/2020\/wp-content\/uploads\/2023\/11\/71rdmfndtbl._sl1500_.jpg","datePublished":"2023-11-18T20:06:54+00:00","dateModified":"2023-11-18T20:35:33+00:00","breadcrumb":{"@id":"https:\/\/www.diesattlerin.at\/2020\/produkt\/sommer-premium-pflegelinie\/#breadcrumb"},"inLanguage":"de","potentialAction":[{"@type":"ReadAction","target":["https:\/\/www.diesattlerin.at\/2020\/produkt\/sommer-premium-pflegelinie\/"]}]},{"@type":"ImageObject","inLanguage":"de","@id":"https:\/\/www.diesattlerin.at\/2020\/produkt\/sommer-premium-pflegelinie\/#primaryimage","url":"https:\/\/www.diesattlerin.at\/2020\/wp-content\/uploads\/2023\/11\/71rdmfndtbl._sl1500_.jpg","contentUrl":"https:\/\/www.diesattlerin.at\/2020\/wp-content\/uploads\/2023\/11\/71rdmfndtbl._sl1500_.jpg","width":1200,"height":800},{"@type":"BreadcrumbList","@id":"https:\/\/www.diesattlerin.at\/2020\/produkt\/sommer-premium-pflegelinie\/#breadcrumb","itemListElement":[{"@type":"ListItem","position":1,"name":"Startseite","item":"https:\/\/www.diesattlerin.at\/2020\/"},{"@type":"ListItem","position":2,"name":"Shop","item":"https:\/\/www.diesattlerin.at\/2020\/shop\/"},{"@type":"ListItem","position":3,"name":"Sommer Premium Pflegelinie"}]},{"@type":"WebSite","@id":"https:\/\/www.diesattlerin.at\/2020\/#website","url":"https:\/\/www.diesattlerin.at\/2020\/","name":"DieSattlerin.at","description":"F\u00fcr die peferkte Verbindung zwischen Pferd und Reiter","publisher":{"@id":"https:\/\/www.diesattlerin.at\/2020\/#\/schema\/person\/b2e347c8d990b2c6625ad3406dab25ae"},"potentialAction":[{"@type":"SearchAction","target":{"@type":"EntryPoint","urlTemplate":"https:\/\/www.diesattlerin.at\/2020\/?s={search_term_string}"},"query-input":{"@type":"PropertyValueSpecification","valueRequired":true,"valueName":"search_term_string"}}],"inLanguage":"de"},{"@type":["Person","Organization"],"@id":"https:\/\/www.diesattlerin.at\/2020\/#\/schema\/person\/b2e347c8d990b2c6625ad3406dab25ae","name":"Theresa Stern","image":{"@type":"ImageObject","inLanguage":"de","@id":"https:\/\/www.diesattlerin.at\/2020\/#\/schema\/person\/image\/","url":"https:\/\/secure.gravatar.com\/avatar\/2ace1a28597fedd70ab057b04196cc48c92122397db6802ce72950f59c7e4f35?s=96&d=mm&r=g","contentUrl":"https:\/\/secure.gravatar.com\/avatar\/2ace1a28597fedd70ab057b04196cc48c92122397db6802ce72950f59c7e4f35?s=96&d=mm&r=g","caption":"Theresa Stern"},"logo":{"@id":"https:\/\/www.diesattlerin.at\/2020\/#\/schema\/person\/image\/"}}]}},"_links":{"self":[{"href":"https:\/\/www.diesattlerin.at\/2020\/wp-json\/wp\/v2\/product\/1390","targetHints":{"allow":["GET"]}}],"collection":[{"href":"https:\/\/www.diesattlerin.at\/2020\/wp-json\/wp\/v2\/product"}],"about":[{"href":"https:\/\/www.diesattlerin.at\/2020\/wp-json\/wp\/v2\/types\/product"}],"replies":[{"embeddable":true,"href":"https:\/\/www.diesattlerin.at\/2020\/wp-json\/wp\/v2\/comments?post=1390"}],"wp:featuredmedia":[{"embeddable":true,"href":"https:\/\/www.diesattlerin.at\/2020\/wp-json\/wp\/v2\/media\/1256"}],"wp:attachment":[{"href":"https:\/\/www.diesattlerin.at\/2020\/wp-json\/wp\/v2\/media?parent=1390"}],"wp:term":[{"taxonomy":"product_brand","embeddable":true,"href":"https:\/\/www.diesattlerin.at\/2020\/wp-json\/wp\/v2\/product_brand?post=1390"},{"taxonomy":"product_cat","embeddable":true,"href":"https:\/\/www.diesattlerin.at\/2020\/wp-json\/wp\/v2\/product_cat?post=1390"},{"taxonomy":"product_tag","embeddable":true,"href":"https:\/\/www.diesattlerin.at\/2020\/wp-json\/wp\/v2\/product_tag?post=1390"}],"curies":[{"name":"wp","href":"https:\/\/api.w.org\/{rel}","templated":true}]}}