{"id":72,"date":"2020-04-23T15:51:44","date_gmt":"2020-04-23T13:51:44","guid":{"rendered":"http:\/\/www.diesattlerin.at\/2020\/?page_id=72"},"modified":"2021-06-16T15:15:11","modified_gmt":"2021-06-16T13:15:11","slug":"dienstleistungen","status":"publish","type":"page","link":"https:\/\/www.diesattlerin.at\/2020\/dienstleistungen\/","title":{"rendered":"Dienstleistungen"},"content":{"rendered":"<div class=\"fusion-fullwidth fullwidth-box fusion-builder-row-1 fusion-flex-container nonhundred-percent-fullwidth non-hundred-percent-height-scrolling\" style=\"--awb-border-radius-top-left:0px;--awb-border-radius-top-right:0px;--awb-border-radius-bottom-right:0px;--awb-border-radius-bottom-left:0px;--awb-flex-wrap:wrap;\" ><div class=\"fusion-builder-row fusion-row fusion-flex-align-items-flex-start fusion-flex-content-wrap\" style=\"max-width:1248px;margin-left: calc(-4% \/ 2 );margin-right: calc(-4% \/ 2 );\"><div class=\"fusion-layout-column fusion_builder_column fusion-builder-column-0 fusion_builder_column_1_1 1_1 fusion-flex-column\" style=\"--awb-bg-size:cover;--awb-width-large:100%;--awb-margin-top-large:0px;--awb-spacing-right-large:1.92%;--awb-margin-bottom-large:20px;--awb-spacing-left-large:1.92%;--awb-width-medium:100%;--awb-order-medium:0;--awb-spacing-right-medium:1.92%;--awb-spacing-left-medium:1.92%;--awb-width-small:100%;--awb-order-small:0;--awb-spacing-right-small:1.92%;--awb-spacing-left-small:1.92%;\"><div class=\"fusion-column-wrapper fusion-column-has-shadow fusion-flex-justify-content-flex-start fusion-content-layout-column\"><div class=\"awb-gallery-wrapper awb-gallery-wrapper-1 button-span-no\"><div style=\"margin:-5px;--awb-bordersize:0px;\" class=\"fusion-gallery fusion-gallery-container fusion-grid-3 fusion-columns-total-3 fusion-gallery-layout-grid fusion-gallery-1\"><div style=\"padding:5px;\" class=\"fusion-grid-column fusion-gallery-column fusion-gallery-column-3 hover-type-none\"><div class=\"fusion-gallery-image\"><a href=\"https:\/\/www.diesattlerin.at\/2020\/wp-content\/uploads\/2021\/05\/DSC05570.jpg\" rel=\"noreferrer\" data-rel=\"iLightbox[gallery_image_1]\" class=\"fusion-lightbox\" target=\"_self\"><img decoding=\"async\" src=\"https:\/\/www.diesattlerin.at\/2020\/wp-content\/uploads\/2021\/05\/DSC05570.jpg\" data-orig-src=\"https:\/\/www.diesattlerin.at\/2020\/wp-content\/uploads\/2021\/05\/DSC05570.jpg\" width=\"1616\" height=\"1080\" alt=\"\" title=\"DSC05570\" aria-label=\"DSC05570\" class=\"lazyload img-responsive wp-image-697\" srcset=\"data:image\/svg+xml,%3Csvg%20xmlns%3D%27http%3A%2F%2Fwww.w3.org%2F2000%2Fsvg%27%20width%3D%271616%27%20height%3D%271080%27%20viewBox%3D%270%200%201616%201080%27%3E%3Crect%20width%3D%271616%27%20height%3D%271080%27%20fill-opacity%3D%220%22%2F%3E%3C%2Fsvg%3E\" data-srcset=\"https:\/\/www.diesattlerin.at\/2020\/wp-content\/uploads\/2021\/05\/DSC05570-200x134.jpg 200w, https:\/\/www.diesattlerin.at\/2020\/wp-content\/uploads\/2021\/05\/DSC05570-400x267.jpg 400w, https:\/\/www.diesattlerin.at\/2020\/wp-content\/uploads\/2021\/05\/DSC05570-600x401.jpg 600w, https:\/\/www.diesattlerin.at\/2020\/wp-content\/uploads\/2021\/05\/DSC05570-800x535.jpg 800w, https:\/\/www.diesattlerin.at\/2020\/wp-content\/uploads\/2021\/05\/DSC05570-1200x802.jpg 1200w, https:\/\/www.diesattlerin.at\/2020\/wp-content\/uploads\/2021\/05\/DSC05570.jpg 1616w\" data-sizes=\"auto\" data-orig-sizes=\"(min-width: 2200px) 100vw, (min-width: 784px) 397px, (min-width: 712px) 595px, (min-width: 640px) 712px, \" \/><\/a><\/div><\/div><div style=\"padding:5px;\" class=\"fusion-grid-column fusion-gallery-column fusion-gallery-column-3 hover-type-none\"><div class=\"fusion-gallery-image\"><a href=\"https:\/\/www.diesattlerin.at\/2020\/wp-content\/uploads\/2021\/05\/DSC05415.jpg\" rel=\"noreferrer\" data-rel=\"iLightbox[gallery_image_1]\" class=\"fusion-lightbox\" target=\"_self\"><img decoding=\"async\" src=\"https:\/\/www.diesattlerin.at\/2020\/wp-content\/uploads\/2021\/05\/DSC05415.jpg\" data-orig-src=\"https:\/\/www.diesattlerin.at\/2020\/wp-content\/uploads\/2021\/05\/DSC05415.jpg\" width=\"1616\" height=\"1080\" alt=\"\" title=\"DSC05415\" aria-label=\"DSC05415\" class=\"lazyload img-responsive wp-image-688\" srcset=\"data:image\/svg+xml,%3Csvg%20xmlns%3D%27http%3A%2F%2Fwww.w3.org%2F2000%2Fsvg%27%20width%3D%271616%27%20height%3D%271080%27%20viewBox%3D%270%200%201616%201080%27%3E%3Crect%20width%3D%271616%27%20height%3D%271080%27%20fill-opacity%3D%220%22%2F%3E%3C%2Fsvg%3E\" data-srcset=\"https:\/\/www.diesattlerin.at\/2020\/wp-content\/uploads\/2021\/05\/DSC05415-200x134.jpg 200w, https:\/\/www.diesattlerin.at\/2020\/wp-content\/uploads\/2021\/05\/DSC05415-400x267.jpg 400w, https:\/\/www.diesattlerin.at\/2020\/wp-content\/uploads\/2021\/05\/DSC05415-600x401.jpg 600w, https:\/\/www.diesattlerin.at\/2020\/wp-content\/uploads\/2021\/05\/DSC05415-800x535.jpg 800w, https:\/\/www.diesattlerin.at\/2020\/wp-content\/uploads\/2021\/05\/DSC05415-1200x802.jpg 1200w, https:\/\/www.diesattlerin.at\/2020\/wp-content\/uploads\/2021\/05\/DSC05415.jpg 1616w\" data-sizes=\"auto\" data-orig-sizes=\"(min-width: 2200px) 100vw, (min-width: 784px) 397px, (min-width: 712px) 595px, (min-width: 640px) 712px, \" \/><\/a><\/div><\/div><div style=\"padding:5px;\" class=\"fusion-grid-column fusion-gallery-column fusion-gallery-column-3 hover-type-none\"><div class=\"fusion-gallery-image\"><a href=\"https:\/\/www.diesattlerin.at\/2020\/wp-content\/uploads\/2021\/05\/DSC05840_1.jpg\" rel=\"noreferrer\" data-rel=\"iLightbox[gallery_image_1]\" class=\"fusion-lightbox\" target=\"_self\"><img decoding=\"async\" src=\"https:\/\/www.diesattlerin.at\/2020\/wp-content\/uploads\/2021\/05\/DSC05840_1.jpg\" data-orig-src=\"https:\/\/www.diesattlerin.at\/2020\/wp-content\/uploads\/2021\/05\/DSC05840_1.jpg\" width=\"1616\" height=\"1080\" alt=\"\" title=\"DSC05840_1\" aria-label=\"DSC05840_1\" class=\"lazyload img-responsive wp-image-686\" srcset=\"data:image\/svg+xml,%3Csvg%20xmlns%3D%27http%3A%2F%2Fwww.w3.org%2F2000%2Fsvg%27%20width%3D%271616%27%20height%3D%271080%27%20viewBox%3D%270%200%201616%201080%27%3E%3Crect%20width%3D%271616%27%20height%3D%271080%27%20fill-opacity%3D%220%22%2F%3E%3C%2Fsvg%3E\" data-srcset=\"https:\/\/www.diesattlerin.at\/2020\/wp-content\/uploads\/2021\/05\/DSC05840_1-200x134.jpg 200w, https:\/\/www.diesattlerin.at\/2020\/wp-content\/uploads\/2021\/05\/DSC05840_1-400x267.jpg 400w, https:\/\/www.diesattlerin.at\/2020\/wp-content\/uploads\/2021\/05\/DSC05840_1-600x401.jpg 600w, https:\/\/www.diesattlerin.at\/2020\/wp-content\/uploads\/2021\/05\/DSC05840_1-800x535.jpg 800w, https:\/\/www.diesattlerin.at\/2020\/wp-content\/uploads\/2021\/05\/DSC05840_1-1200x802.jpg 1200w, https:\/\/www.diesattlerin.at\/2020\/wp-content\/uploads\/2021\/05\/DSC05840_1.jpg 1616w\" data-sizes=\"auto\" data-orig-sizes=\"(min-width: 2200px) 100vw, (min-width: 784px) 397px, (min-width: 712px) 595px, (min-width: 640px) 712px, \" \/><\/a><\/div><\/div><div class=\"clearfix\"><\/div><\/div><\/div><\/div><\/div><\/div><\/div><div class=\"fusion-fullwidth fullwidth-box fusion-builder-row-2 fusion-flex-container nonhundred-percent-fullwidth non-hundred-percent-height-scrolling\" style=\"--awb-border-radius-top-left:0px;--awb-border-radius-top-right:0px;--awb-border-radius-bottom-right:0px;--awb-border-radius-bottom-left:0px;--awb-flex-wrap:wrap;\" ><div class=\"fusion-builder-row fusion-row fusion-flex-align-items-flex-start fusion-flex-content-wrap\" style=\"max-width:1248px;margin-left: calc(-4% \/ 2 );margin-right: calc(-4% \/ 2 );\"><div class=\"fusion-layout-column fusion_builder_column fusion-builder-column-1 fusion_builder_column_1_1 1_1 fusion-flex-column\" style=\"--awb-bg-size:cover;--awb-width-large:100%;--awb-margin-top-large:0px;--awb-spacing-right-large:1.92%;--awb-margin-bottom-large:0px;--awb-spacing-left-large:1.92%;--awb-width-medium:100%;--awb-spacing-right-medium:1.92%;--awb-spacing-left-medium:1.92%;--awb-width-small:100%;--awb-spacing-right-small:1.92%;--awb-spacing-left-small:1.92%;\"><div class=\"fusion-column-wrapper fusion-flex-justify-content-flex-start fusion-content-layout-column\"><div class=\"fusion-text fusion-text-1\"><\/p>\n<h3 class=\"wp-block-heading\"> <\/h3>\n<\/p>\n<h3 class=\"wp-block-heading\">Kompetenz durch Fachwissen und jahrelange Berufserfahrung!<\/h3>\n<\/p>\n<p>Wir beraten Sie direkt im Stall bei einer Sattelprobe mit Ihrem Pferd, welcher Sattel f\u00fcr Sie <strong>und<\/strong> Ihr Pferd am besten geeignet ist. Hierzu nehmen wir uns Zeit und Ruhe, um Ihnen m\u00f6glichst alle Fragen zu beantworten und das Optimum aus den vielen M\u00f6glichkeiten aus der vielf\u00e4ltigen Welt der S\u00e4ttel auszuw\u00e4hlen.<\/p>\n<\/p>\n<h3 class=\"wp-block-heading\">Sattel\u00e4nderungen -anpassungen und -reparaturen<\/h3>\n<\/p>\n<p>Wenn m\u00f6glich, \u00e4ndern wir Ihren Sattel direkt vor Ort. Reparaturen nehmen wir in unsere Werkstatt mit, sodass Sie Ihren Sattel bei uns fertig repariert abholen k\u00f6nnen. Sollte eine Auslieferung n\u00f6tig sein, teilen wir Ihnen dies mit. Der Versand ist ebenfalls m\u00f6glich.<\/p>\n<\/p>\n<h3 class=\"wp-block-heading\">Probereiten aller S\u00e4ttel<\/h3>\n<\/p>\n<p>Selbstverst\u00e4ndlich k\u00f6nnen Sie unsere S\u00e4ttel auch zur Probe reiten. Nicht nur die Optik entscheidet, vorrangig sollen Sie und Ihr Pferd sich wohlf\u00fchlen! Damit Sie sich einen Eindruck verschaffen k\u00f6nnen, d\u00fcrfen Sie unsere S\u00e4ttel gerne ausprobieren. F\u00fcr einen Termin zur Sattelprobe kontaktieren Sie uns gerne!<\/p>\n<\/p>\n<h3 class=\"wp-block-heading\">Professionelle Sattelaufbereitung und -pflege<\/h3>\n<\/p>\n<p>Die \u00fcbliche Grundreinigung oder eine Farbaufbereitung ist notwendig?<br>Wenn Ihnen die Zeit dazu fehlt, \u00fcbernehmen wir das gerne f\u00fcr Sie! Auch hier ist der Versand m\u00f6glich.<\/p>\n<\/p>\n<h3 class=\"wp-block-heading\">Verkauf von gebrauchten S\u00e4tteln<\/h3>\n<\/p>\n<p>Sie haben einen neuen Sattel bei uns gekauft und wissen nicht, was Sie mit dem alten machen sollen? Um auch gebrauchte S\u00e4ttel anbieten zu k\u00f6nnen, nehmen wir gerne pferdefreundlich geschnittene, gut ver\u00e4nderbare S\u00e4ttel zur Vermittlung.<\/p>\n<\/p>\n<h3 class=\"wp-block-heading\">Reparatur von Reitsportzubeh\u00f6r<\/h3>\n<\/p>\n<p>Wenn m\u00f6glich reparieren wir Ihr Reitsportzubeh\u00f6r. Sprechen Sie uns einfach an!<\/p>\n<\/p>\n<h3 class=\"wp-block-heading\">Sattelvermittlung via Die Sattelexperten<\/h3>\n<\/p>\n<p>Unser Tipp! Falls Sie einenen gebrauchten Sattel zur Vermittlung weitergeben willst. &#8211; Genaue Infos gibts <a href=\"http:\/\/www.secondhorse.at\" target=\"_blank\" rel=\"noreferrer noopener\">Hier.<\/a><\/p><\/p>\n<\/div><\/div><\/div><\/div><\/div>","protected":false},"excerpt":{"rendered":"","protected":false},"author":1,"featured_media":0,"parent":0,"menu_order":0,"comment_status":"closed","ping_status":"closed","template":"","meta":{"footnotes":""},"class_list":["post-72","page","type-page","status-publish","hentry"],"yoast_head":"<!-- This site is optimized with the Yoast SEO plugin v24.7 - https:\/\/yoast.com\/wordpress\/plugins\/seo\/ -->\n<title>Dienstleistungen &#187; Die Sattlerin.at<\/title>\n<meta name=\"robots\" content=\"index, follow, max-snippet:-1, max-image-preview:large, max-video-preview:-1\" \/>\n<link rel=\"canonical\" href=\"https:\/\/www.diesattlerin.at\/2020\/dienstleistungen\/\" \/>\n<meta property=\"og:locale\" content=\"de_DE\" \/>\n<meta property=\"og:type\" content=\"article\" \/>\n<meta property=\"og:title\" content=\"Dienstleistungen &#187; Die Sattlerin.at\" \/>\n<meta property=\"og:url\" content=\"https:\/\/www.diesattlerin.at\/2020\/dienstleistungen\/\" \/>\n<meta property=\"og:site_name\" content=\"Die Sattlerin.at\" \/>\n<meta property=\"article:modified_time\" content=\"2021-06-16T13:15:11+00:00\" \/>\n<meta name=\"twitter:card\" content=\"summary_large_image\" \/>\n<meta name=\"twitter:label1\" content=\"Gesch\u00e4tzte Lesezeit\" \/>\n\t<meta name=\"twitter:data1\" content=\"3\u00a0Minuten\" \/>\n<script type=\"application\/ld+json\" class=\"yoast-schema-graph\">{\"@context\":\"https:\/\/schema.org\",\"@graph\":[{\"@type\":\"WebPage\",\"@id\":\"https:\/\/www.diesattlerin.at\/2020\/dienstleistungen\/\",\"url\":\"https:\/\/www.diesattlerin.at\/2020\/dienstleistungen\/\",\"name\":\"Dienstleistungen &#187; Die Sattlerin.at\",\"isPartOf\":{\"@id\":\"https:\/\/www.diesattlerin.at\/2020\/#website\"},\"datePublished\":\"2020-04-23T13:51:44+00:00\",\"dateModified\":\"2021-06-16T13:15:11+00:00\",\"breadcrumb\":{\"@id\":\"https:\/\/www.diesattlerin.at\/2020\/dienstleistungen\/#breadcrumb\"},\"inLanguage\":\"de\",\"potentialAction\":[{\"@type\":\"ReadAction\",\"target\":[\"https:\/\/www.diesattlerin.at\/2020\/dienstleistungen\/\"]}]},{\"@type\":\"BreadcrumbList\",\"@id\":\"https:\/\/www.diesattlerin.at\/2020\/dienstleistungen\/#breadcrumb\",\"itemListElement\":[{\"@type\":\"ListItem\",\"position\":1,\"name\":\"Startseite\",\"item\":\"https:\/\/www.diesattlerin.at\/2020\/\"},{\"@type\":\"ListItem\",\"position\":2,\"name\":\"Dienstleistungen\"}]},{\"@type\":\"WebSite\",\"@id\":\"https:\/\/www.diesattlerin.at\/2020\/#website\",\"url\":\"https:\/\/www.diesattlerin.at\/2020\/\",\"name\":\"DieSattlerin.at\",\"description\":\"F\u00fcr die peferkte Verbindung zwischen Pferd und Reiter\",\"publisher\":{\"@id\":\"https:\/\/www.diesattlerin.at\/2020\/#\/schema\/person\/b2e347c8d990b2c6625ad3406dab25ae\"},\"potentialAction\":[{\"@type\":\"SearchAction\",\"target\":{\"@type\":\"EntryPoint\",\"urlTemplate\":\"https:\/\/www.diesattlerin.at\/2020\/?s={search_term_string}\"},\"query-input\":{\"@type\":\"PropertyValueSpecification\",\"valueRequired\":true,\"valueName\":\"search_term_string\"}}],\"inLanguage\":\"de\"},{\"@type\":[\"Person\",\"Organization\"],\"@id\":\"https:\/\/www.diesattlerin.at\/2020\/#\/schema\/person\/b2e347c8d990b2c6625ad3406dab25ae\",\"name\":\"Theresa Stern\",\"image\":{\"@type\":\"ImageObject\",\"inLanguage\":\"de\",\"@id\":\"https:\/\/www.diesattlerin.at\/2020\/#\/schema\/person\/image\/\",\"url\":\"https:\/\/secure.gravatar.com\/avatar\/2ace1a28597fedd70ab057b04196cc48c92122397db6802ce72950f59c7e4f35?s=96&d=mm&r=g\",\"contentUrl\":\"https:\/\/secure.gravatar.com\/avatar\/2ace1a28597fedd70ab057b04196cc48c92122397db6802ce72950f59c7e4f35?s=96&d=mm&r=g\",\"caption\":\"Theresa Stern\"},\"logo\":{\"@id\":\"https:\/\/www.diesattlerin.at\/2020\/#\/schema\/person\/image\/\"}}]}<\/script>\n<!-- \/ Yoast SEO plugin. -->","yoast_head_json":{"title":"Dienstleistungen &#187; Die Sattlerin.at","robots":{"index":"index","follow":"follow","max-snippet":"max-snippet:-1","max-image-preview":"max-image-preview:large","max-video-preview":"max-video-preview:-1"},"canonical":"https:\/\/www.diesattlerin.at\/2020\/dienstleistungen\/","og_locale":"de_DE","og_type":"article","og_title":"Dienstleistungen &#187; Die Sattlerin.at","og_url":"https:\/\/www.diesattlerin.at\/2020\/dienstleistungen\/","og_site_name":"Die Sattlerin.at","article_modified_time":"2021-06-16T13:15:11+00:00","twitter_card":"summary_large_image","twitter_misc":{"Gesch\u00e4tzte Lesezeit":"3\u00a0Minuten"},"schema":{"@context":"https:\/\/schema.org","@graph":[{"@type":"WebPage","@id":"https:\/\/www.diesattlerin.at\/2020\/dienstleistungen\/","url":"https:\/\/www.diesattlerin.at\/2020\/dienstleistungen\/","name":"Dienstleistungen &#187; Die Sattlerin.at","isPartOf":{"@id":"https:\/\/www.diesattlerin.at\/2020\/#website"},"datePublished":"2020-04-23T13:51:44+00:00","dateModified":"2021-06-16T13:15:11+00:00","breadcrumb":{"@id":"https:\/\/www.diesattlerin.at\/2020\/dienstleistungen\/#breadcrumb"},"inLanguage":"de","potentialAction":[{"@type":"ReadAction","target":["https:\/\/www.diesattlerin.at\/2020\/dienstleistungen\/"]}]},{"@type":"BreadcrumbList","@id":"https:\/\/www.diesattlerin.at\/2020\/dienstleistungen\/#breadcrumb","itemListElement":[{"@type":"ListItem","position":1,"name":"Startseite","item":"https:\/\/www.diesattlerin.at\/2020\/"},{"@type":"ListItem","position":2,"name":"Dienstleistungen"}]},{"@type":"WebSite","@id":"https:\/\/www.diesattlerin.at\/2020\/#website","url":"https:\/\/www.diesattlerin.at\/2020\/","name":"DieSattlerin.at","description":"F\u00fcr die peferkte Verbindung zwischen Pferd und Reiter","publisher":{"@id":"https:\/\/www.diesattlerin.at\/2020\/#\/schema\/person\/b2e347c8d990b2c6625ad3406dab25ae"},"potentialAction":[{"@type":"SearchAction","target":{"@type":"EntryPoint","urlTemplate":"https:\/\/www.diesattlerin.at\/2020\/?s={search_term_string}"},"query-input":{"@type":"PropertyValueSpecification","valueRequired":true,"valueName":"search_term_string"}}],"inLanguage":"de"},{"@type":["Person","Organization"],"@id":"https:\/\/www.diesattlerin.at\/2020\/#\/schema\/person\/b2e347c8d990b2c6625ad3406dab25ae","name":"Theresa Stern","image":{"@type":"ImageObject","inLanguage":"de","@id":"https:\/\/www.diesattlerin.at\/2020\/#\/schema\/person\/image\/","url":"https:\/\/secure.gravatar.com\/avatar\/2ace1a28597fedd70ab057b04196cc48c92122397db6802ce72950f59c7e4f35?s=96&d=mm&r=g","contentUrl":"https:\/\/secure.gravatar.com\/avatar\/2ace1a28597fedd70ab057b04196cc48c92122397db6802ce72950f59c7e4f35?s=96&d=mm&r=g","caption":"Theresa Stern"},"logo":{"@id":"https:\/\/www.diesattlerin.at\/2020\/#\/schema\/person\/image\/"}}]}},"_links":{"self":[{"href":"https:\/\/www.diesattlerin.at\/2020\/wp-json\/wp\/v2\/pages\/72","targetHints":{"allow":["GET"]}}],"collection":[{"href":"https:\/\/www.diesattlerin.at\/2020\/wp-json\/wp\/v2\/pages"}],"about":[{"href":"https:\/\/www.diesattlerin.at\/2020\/wp-json\/wp\/v2\/types\/page"}],"author":[{"embeddable":true,"href":"https:\/\/www.diesattlerin.at\/2020\/wp-json\/wp\/v2\/users\/1"}],"replies":[{"embeddable":true,"href":"https:\/\/www.diesattlerin.at\/2020\/wp-json\/wp\/v2\/comments?post=72"}],"version-history":[{"count":9,"href":"https:\/\/www.diesattlerin.at\/2020\/wp-json\/wp\/v2\/pages\/72\/revisions"}],"predecessor-version":[{"id":936,"href":"https:\/\/www.diesattlerin.at\/2020\/wp-json\/wp\/v2\/pages\/72\/revisions\/936"}],"wp:attachment":[{"href":"https:\/\/www.diesattlerin.at\/2020\/wp-json\/wp\/v2\/media?parent=72"}],"curies":[{"name":"wp","href":"https:\/\/api.w.org\/{rel}","templated":true}]}}