{"id":204,"date":"2020-06-19T13:48:38","date_gmt":"2020-06-19T11:48:38","guid":{"rendered":"https:\/\/www.diesattlerin.at\/2020\/?page_id=204"},"modified":"2023-11-21T07:53:58","modified_gmt":"2023-11-21T06:53:58","slug":"anfahrtskosten","status":"publish","type":"page","link":"https:\/\/www.diesattlerin.at\/2020\/anfahrtskosten\/","title":{"rendered":"Tourpauschale"},"content":{"rendered":"<div>Die Termin\/Tourpauschale inkl. Analyse ,ggfl. Vermessung, Anfahrt und<\/div>\r\n<div>Beratung pro Teilnehmer betr\u00e4gt je nach Region 100 -150 Euro.<\/div>\r\n<div>\u00a0<\/div>\r\n<div>\u00a0<\/div>\r\n<div>Wie setzt sich die Pauschale zusammen?<\/div>\r\n<ul class=\"wp-block-list\">\r\n<li>im Umkreis von<em> bis zu 30km<\/em> um Prinzersdorf (PLZ 3385) berechnen wir eine Pauschale von je 35,00 \u20ac Pro Kunde oder Teilnehmer der Kunden-Stall Gruppe.<\/li>\r\n<li><em>ab<\/em> einem Umkreis <em>von 40 bis 200km<\/em> berechnen wir 1,20 \u20ac je Anfahrts-Km pro Kunde oder Kunden-Stall Gruppe ab Firmensitz in 3385.<\/li>\r\n<\/ul><p><strong><span class=\"has-inline-color\" style=\"color: #4956a1;\">Tipp! Anfahrtskosten teilen zahlt sich aus!<\/span><\/strong><br \/>Fragen Sie in Ihrer Stallgemeinschaft, wer au\u00dfer Ihnen eine Beratung in Anspruch nehmen m\u00f6chte.<\/p><ul class=\"wp-block-list\">\r\n<li>Wir berechnen unsere Anfahrtskosten pro Kunde oder Kunden-Gruppe ab Firmensitz in 3385. Anfahrten ab 200km erfolgen ab einer Kundengruppe von mindestens 3 Personen im selben Stall oder im direkten Umkreis- um Ihre Kosten gering zu halten! &#8211; Sie wollen einen <em><strong>Termin alleine<\/strong><\/em>? Auch daf\u00fcr finden wir eine L\u00f6sung. &#8211; Sprechen Sie uns direkt \u00fcber unser Formular an.<\/li>\r\n<\/ul><ul class=\"wp-block-list\">\r\n<li>F\u00fcr Termine die nicht im Kerngebiet bzw- im Umkreis von 170km stattfinden wird eine FernPauschale von 20 Euro pro Kunden f\u00e4llig.<\/li>\r\n<\/ul>","protected":false},"excerpt":{"rendered":"<p>Die Termin\/Tourpauschale inkl. Analyse ,ggfl. Vermessung, Anfahrt und Beratung pro [&hellip;]<\/p>\n","protected":false},"author":1,"featured_media":0,"parent":0,"menu_order":0,"comment_status":"closed","ping_status":"closed","template":"","meta":{"footnotes":""},"class_list":["post-204","page","type-page","status-publish","hentry"],"yoast_head":"<!-- This site is optimized with the Yoast SEO plugin v24.7 - https:\/\/yoast.com\/wordpress\/plugins\/seo\/ -->\n<title>Tourpauschale &#187; Die Sattlerin.at<\/title>\n<meta name=\"robots\" content=\"index, follow, max-snippet:-1, max-image-preview:large, max-video-preview:-1\" \/>\n<link rel=\"canonical\" href=\"https:\/\/www.diesattlerin.at\/2020\/anfahrtskosten\/\" \/>\n<meta property=\"og:locale\" content=\"de_DE\" \/>\n<meta property=\"og:type\" content=\"article\" \/>\n<meta property=\"og:title\" content=\"Tourpauschale &#187; Die Sattlerin.at\" \/>\n<meta property=\"og:description\" content=\"Die Termin\/Tourpauschale inkl. Analyse ,ggfl. Vermessung, Anfahrt und Beratung pro [&hellip;]\" \/>\n<meta property=\"og:url\" content=\"https:\/\/www.diesattlerin.at\/2020\/anfahrtskosten\/\" \/>\n<meta property=\"og:site_name\" content=\"Die Sattlerin.at\" \/>\n<meta property=\"article:modified_time\" content=\"2023-11-21T06:53:58+00:00\" \/>\n<meta name=\"twitter:card\" content=\"summary_large_image\" \/>\n<meta name=\"twitter:label1\" content=\"Gesch\u00e4tzte Lesezeit\" \/>\n\t<meta name=\"twitter:data1\" content=\"1\u00a0Minute\" \/>\n<script type=\"application\/ld+json\" class=\"yoast-schema-graph\">{\"@context\":\"https:\/\/schema.org\",\"@graph\":[{\"@type\":\"WebPage\",\"@id\":\"https:\/\/www.diesattlerin.at\/2020\/anfahrtskosten\/\",\"url\":\"https:\/\/www.diesattlerin.at\/2020\/anfahrtskosten\/\",\"name\":\"Tourpauschale &#187; Die Sattlerin.at\",\"isPartOf\":{\"@id\":\"https:\/\/www.diesattlerin.at\/2020\/#website\"},\"datePublished\":\"2020-06-19T11:48:38+00:00\",\"dateModified\":\"2023-11-21T06:53:58+00:00\",\"breadcrumb\":{\"@id\":\"https:\/\/www.diesattlerin.at\/2020\/anfahrtskosten\/#breadcrumb\"},\"inLanguage\":\"de\",\"potentialAction\":[{\"@type\":\"ReadAction\",\"target\":[\"https:\/\/www.diesattlerin.at\/2020\/anfahrtskosten\/\"]}]},{\"@type\":\"BreadcrumbList\",\"@id\":\"https:\/\/www.diesattlerin.at\/2020\/anfahrtskosten\/#breadcrumb\",\"itemListElement\":[{\"@type\":\"ListItem\",\"position\":1,\"name\":\"Startseite\",\"item\":\"https:\/\/www.diesattlerin.at\/2020\/\"},{\"@type\":\"ListItem\",\"position\":2,\"name\":\"Tourpauschale\"}]},{\"@type\":\"WebSite\",\"@id\":\"https:\/\/www.diesattlerin.at\/2020\/#website\",\"url\":\"https:\/\/www.diesattlerin.at\/2020\/\",\"name\":\"DieSattlerin.at\",\"description\":\"F\u00fcr die peferkte Verbindung zwischen Pferd und Reiter\",\"publisher\":{\"@id\":\"https:\/\/www.diesattlerin.at\/2020\/#\/schema\/person\/b2e347c8d990b2c6625ad3406dab25ae\"},\"potentialAction\":[{\"@type\":\"SearchAction\",\"target\":{\"@type\":\"EntryPoint\",\"urlTemplate\":\"https:\/\/www.diesattlerin.at\/2020\/?s={search_term_string}\"},\"query-input\":{\"@type\":\"PropertyValueSpecification\",\"valueRequired\":true,\"valueName\":\"search_term_string\"}}],\"inLanguage\":\"de\"},{\"@type\":[\"Person\",\"Organization\"],\"@id\":\"https:\/\/www.diesattlerin.at\/2020\/#\/schema\/person\/b2e347c8d990b2c6625ad3406dab25ae\",\"name\":\"Theresa Stern\",\"image\":{\"@type\":\"ImageObject\",\"inLanguage\":\"de\",\"@id\":\"https:\/\/www.diesattlerin.at\/2020\/#\/schema\/person\/image\/\",\"url\":\"https:\/\/secure.gravatar.com\/avatar\/2ace1a28597fedd70ab057b04196cc48c92122397db6802ce72950f59c7e4f35?s=96&d=mm&r=g\",\"contentUrl\":\"https:\/\/secure.gravatar.com\/avatar\/2ace1a28597fedd70ab057b04196cc48c92122397db6802ce72950f59c7e4f35?s=96&d=mm&r=g\",\"caption\":\"Theresa Stern\"},\"logo\":{\"@id\":\"https:\/\/www.diesattlerin.at\/2020\/#\/schema\/person\/image\/\"}}]}<\/script>\n<!-- \/ Yoast SEO plugin. -->","yoast_head_json":{"title":"Tourpauschale &#187; Die Sattlerin.at","robots":{"index":"index","follow":"follow","max-snippet":"max-snippet:-1","max-image-preview":"max-image-preview:large","max-video-preview":"max-video-preview:-1"},"canonical":"https:\/\/www.diesattlerin.at\/2020\/anfahrtskosten\/","og_locale":"de_DE","og_type":"article","og_title":"Tourpauschale &#187; Die Sattlerin.at","og_description":"Die Termin\/Tourpauschale inkl. Analyse ,ggfl. Vermessung, Anfahrt und Beratung pro [&hellip;]","og_url":"https:\/\/www.diesattlerin.at\/2020\/anfahrtskosten\/","og_site_name":"Die Sattlerin.at","article_modified_time":"2023-11-21T06:53:58+00:00","twitter_card":"summary_large_image","twitter_misc":{"Gesch\u00e4tzte Lesezeit":"1\u00a0Minute"},"schema":{"@context":"https:\/\/schema.org","@graph":[{"@type":"WebPage","@id":"https:\/\/www.diesattlerin.at\/2020\/anfahrtskosten\/","url":"https:\/\/www.diesattlerin.at\/2020\/anfahrtskosten\/","name":"Tourpauschale &#187; Die Sattlerin.at","isPartOf":{"@id":"https:\/\/www.diesattlerin.at\/2020\/#website"},"datePublished":"2020-06-19T11:48:38+00:00","dateModified":"2023-11-21T06:53:58+00:00","breadcrumb":{"@id":"https:\/\/www.diesattlerin.at\/2020\/anfahrtskosten\/#breadcrumb"},"inLanguage":"de","potentialAction":[{"@type":"ReadAction","target":["https:\/\/www.diesattlerin.at\/2020\/anfahrtskosten\/"]}]},{"@type":"BreadcrumbList","@id":"https:\/\/www.diesattlerin.at\/2020\/anfahrtskosten\/#breadcrumb","itemListElement":[{"@type":"ListItem","position":1,"name":"Startseite","item":"https:\/\/www.diesattlerin.at\/2020\/"},{"@type":"ListItem","position":2,"name":"Tourpauschale"}]},{"@type":"WebSite","@id":"https:\/\/www.diesattlerin.at\/2020\/#website","url":"https:\/\/www.diesattlerin.at\/2020\/","name":"DieSattlerin.at","description":"F\u00fcr die peferkte Verbindung zwischen Pferd und Reiter","publisher":{"@id":"https:\/\/www.diesattlerin.at\/2020\/#\/schema\/person\/b2e347c8d990b2c6625ad3406dab25ae"},"potentialAction":[{"@type":"SearchAction","target":{"@type":"EntryPoint","urlTemplate":"https:\/\/www.diesattlerin.at\/2020\/?s={search_term_string}"},"query-input":{"@type":"PropertyValueSpecification","valueRequired":true,"valueName":"search_term_string"}}],"inLanguage":"de"},{"@type":["Person","Organization"],"@id":"https:\/\/www.diesattlerin.at\/2020\/#\/schema\/person\/b2e347c8d990b2c6625ad3406dab25ae","name":"Theresa Stern","image":{"@type":"ImageObject","inLanguage":"de","@id":"https:\/\/www.diesattlerin.at\/2020\/#\/schema\/person\/image\/","url":"https:\/\/secure.gravatar.com\/avatar\/2ace1a28597fedd70ab057b04196cc48c92122397db6802ce72950f59c7e4f35?s=96&d=mm&r=g","contentUrl":"https:\/\/secure.gravatar.com\/avatar\/2ace1a28597fedd70ab057b04196cc48c92122397db6802ce72950f59c7e4f35?s=96&d=mm&r=g","caption":"Theresa Stern"},"logo":{"@id":"https:\/\/www.diesattlerin.at\/2020\/#\/schema\/person\/image\/"}}]}},"_links":{"self":[{"href":"https:\/\/www.diesattlerin.at\/2020\/wp-json\/wp\/v2\/pages\/204","targetHints":{"allow":["GET"]}}],"collection":[{"href":"https:\/\/www.diesattlerin.at\/2020\/wp-json\/wp\/v2\/pages"}],"about":[{"href":"https:\/\/www.diesattlerin.at\/2020\/wp-json\/wp\/v2\/types\/page"}],"author":[{"embeddable":true,"href":"https:\/\/www.diesattlerin.at\/2020\/wp-json\/wp\/v2\/users\/1"}],"replies":[{"embeddable":true,"href":"https:\/\/www.diesattlerin.at\/2020\/wp-json\/wp\/v2\/comments?post=204"}],"version-history":[{"count":6,"href":"https:\/\/www.diesattlerin.at\/2020\/wp-json\/wp\/v2\/pages\/204\/revisions"}],"predecessor-version":[{"id":1723,"href":"https:\/\/www.diesattlerin.at\/2020\/wp-json\/wp\/v2\/pages\/204\/revisions\/1723"}],"wp:attachment":[{"href":"https:\/\/www.diesattlerin.at\/2020\/wp-json\/wp\/v2\/media?parent=204"}],"curies":[{"name":"wp","href":"https:\/\/api.w.org\/{rel}","templated":true}]}}