{"id":171,"date":"2020-05-03T19:30:32","date_gmt":"2020-05-03T17:30:32","guid":{"rendered":"https:\/\/www.diesattlerin.at\/2020\/?page_id=171"},"modified":"2021-06-16T10:50:40","modified_gmt":"2021-06-16T08:50:40","slug":"impressum","status":"publish","type":"page","link":"https:\/\/www.diesattlerin.at\/2020\/impressum\/","title":{"rendered":"Rechtliches"},"content":{"rendered":"<h3 class=\"wp-block-heading\">IMPRESSUM<\/h3><p>Inhaber dieser Seite und verantwortlich f\u00fcr den Inhalt:\u00a0<\/p><p>Theresa Stern<br \/>Bergsiedl 5 -3385 Prinzersdorf<br \/>AUSTRIA<\/p><p>Mobil: + 43 (0) 664\/ 648 555 7<\/p><p>info@theresastern.at<\/p><p>ATU 71800116<\/p><p>Die EU-Plattform zur Online-Streitbeilegung (OS-Plattform) erreichen Sie unter folgendem Link: <a href=\"https:\/\/ec.europa.eu\/consumers\/odr\/\" target=\"_blank\" rel=\"noreferrer noopener\">https:\/\/ec.europa.eu\/consumers\/odr\/<\/a><\/p><p><strong>Datenschutzerkl\u00e4rung<\/strong><\/p><p>Der Schutz der Privatsph\u00e4re ist mir, <strong>Theresa Stern, <\/strong>bei der Verarbeitung Ihrer Daten ein wichtiges Anliegen. Die Verarbeitung der erhobenen Daten erfolgt gem\u00e4\u00df den Bestimmungen des Bundesdatenschutzgesetzes (BDSG), der Datenschutzgrundverordnung (DSGVO) und anderen gesetzlichen Bestimmungen, die f\u00fcr den elektronischen Gesch\u00e4ftsverkehr gelten.<\/p><p>Die Verarbeitung personenbezogener Daten durch uns dient grunds\u00e4tzlich dem Zweck der Erf\u00fcllung des Vertrages mit Ihnen i.S.d. Art. 6 Abs. 1 lit. b bzw. zur Wahrung unserer berechtigten Interessen, v.a. unserer Rechenschaftspflicht gegen\u00fcber Finanzbeh\u00f6rden, unseres Interesses unsere Webseiten und Werbung zu optimieren i.S.d. Art. 6 Abs. 1 lit. f. Wenn nicht einer der zuvor benannten gesetzlichen Erlaubnistatbest\u00e4nde vorliegt, werden wir vor der Datenverarbeitung Ihr Einverst\u00e4ndnis nach Art. 6 Abs. 1 lit. a einholen. Detaillierte Angaben zur Datenverarbeitung k\u00f6nnen Sie den folgenden Erkl\u00e4rungen entnehmen.<\/p><p>Bitte nehmen Sie diese zur Kenntnis.<\/p><p><strong>Die f\u00fcr die Datenverarbeitung verantwortliche Stelle:<\/strong><\/p><p><strong>Theresa Stern<\/strong><\/p><p><strong>Bergsiedlung 5<\/strong><\/p><p><strong>3385 Prinzersdorf<\/strong><\/p><p><strong>Austria<\/strong><\/p><p>Mobil: + 43 (0) 664\/ 648 555 7<\/p><p><a href=\"mailto:info@theresastern.at\" target=\"_blank\" rel=\"noreferrer noopener\"><strong>info@t<\/strong><\/a><a href=\"mailto:info@theresastern.at\" target=\"_blank\" rel=\"noreferrer noopener\"><strong>h<\/strong><\/a><a href=\"mailto:info@theresastern.at\" target=\"_blank\" rel=\"noreferrer noopener\"><strong>e<\/strong><\/a><a href=\"mailto:info@theresastern.at\" target=\"_blank\" rel=\"noreferrer noopener\"><strong>r<\/strong><\/a><a href=\"mailto:info@theresastern.at\" target=\"_blank\" rel=\"noreferrer noopener\"><strong>e<\/strong><\/a><a href=\"mailto:info@theresastern.at\" target=\"_blank\" rel=\"noreferrer noopener\"><strong>s<\/strong><\/a><a href=\"mailto:info@theresastern.at\" target=\"_blank\" rel=\"noreferrer noopener\"><strong>a<\/strong><\/a><a href=\"mailto:info@theresastern.at\" target=\"_blank\" rel=\"noreferrer noopener\"><strong>s<\/strong><\/a><a href=\"mailto:info@theresastern.at\" target=\"_blank\" rel=\"noreferrer noopener\"><strong>t<\/strong><\/a><a href=\"mailto:info@theresastern.at\" target=\"_blank\" rel=\"noreferrer noopener\"><strong>e<\/strong><\/a><a href=\"mailto:info@theresastern.at\" target=\"_blank\" rel=\"noreferrer noopener\"><strong>r<\/strong><\/a><a href=\"mailto:info@theresastern.at\" target=\"_blank\" rel=\"noreferrer noopener\"><strong>n<\/strong><\/a><a href=\"mailto:info@theresastern.at\" target=\"_blank\" rel=\"noreferrer noopener\"><strong>.<\/strong><\/a><a href=\"mailto:info@theresastern.at\" target=\"_blank\" rel=\"noreferrer noopener\"><strong>a<\/strong><\/a><a href=\"mailto:info@theresastern.at\" target=\"_blank\" rel=\"noreferrer noopener\"><strong>t<\/strong><\/a><\/p><p>2.\u00a0\u00a0\u00a0 <strong>Einsatz von \u201eCookies\u201c:<\/strong><\/p><p>Bei Besuch unseres Internetauftritts werden Informationen in Form von \u201eCookies\u201c tempor\u00e4r oder dauerhaft auf dem Endger\u00e4t des Nutzers abgelegt, die den Nutzer bei seinem n\u00e4chsten Besuch automatisch wiedererkennen.<br \/>Cookies sind kleine Textdateien, die es z.B. erlauben, eine Webseite den Interessen des Besuchers anzupassen. Wenn eine Ablage von Cookies durch <strong>Theresa Stern <\/strong>nicht gewollt ist, wird darum gebeten, den verwendeten Internet-Browser so einzustellen, dass dieser Cookies von der Computerfestplatte l\u00f6scht, alle oder bestimmte Cookies blockiert oder eine Warnung abgibt, bevor Cookies abgespeichert werden.<\/p><p>3.\u00a0\u00a0\u00a0 <strong>Automatisch erfasste, nicht-personenbezogene Daten:<\/strong><\/p><p>Bei Besuch unseres Internetauftritts werden durch unseren Webserver standardm\u00e4\u00dfig der Name Ihres Internet Service Providers, die Webseite, von der aus Sie kommen, die Webseiten, die Sie auf unserem Internetauftritt besuchen sowie das Datum und die Dauer Ihres Besuchs gespeichert.<\/p><p><strong>Theresa Stern <\/strong>verwendet diese Informationen, um die Attraktivit\u00e4t, die Leistungen und die Inhalte des Internetauftritts zu ermitteln und zu verbessern.<\/p><p><br \/>Es werden hierdurch keine personenbezogenen Daten durch <strong>Theresa Stern<\/strong> erfasst. Weitere Funktionen der von uns eingesetzten Cookies k\u00f6nnen Sie der Ziff. 5 entnehmen.<\/p><p>4.\u00a0\u00a0\u00a0 <strong>Verarbeitung personenbezogener Daten<\/strong><\/p><p>4.1Personenbezogene Daten werden durch <strong>Theresa Stern <\/strong>nur erhoben, wenn Sie uns diese aktiv mitteilen, z.B. zum Anlegen eines Kunden-Accounts, der Bestellung unseres Newsletters oder \u00fcber unser Kontaktformular.<br \/>Sie haben jeder Zeit das Recht der Nutzung dieser Daten zu dem jeweiligen Zweck f\u00fcr die Zukunft zu widersprechen. Sehen Sie hierzu auch Ziff. 9.<\/p><p>4.2Die von Ihnen erhobenen pers\u00f6nlichen Daten werden nur zu dem Zweck verwendet, f\u00fcr den Sie uns diese \u00fcberlassen haben bzw. f\u00fcr deren Verarbeitung Sie uns Ihr Einverst\u00e4ndnis erteilt haben. Nach vollst\u00e4ndiger Abwicklung des Vertragsverh\u00e4ltnisses werden die Nutzerdaten nur solange gespeichert, wie es aufgrund von steuer- und handelsrechtlichen Aufbewahrungsfristen notwendig ist. Nach Ablauf dieser Fristen werden die Daten jedoch gel\u00f6scht, sofern Sie in die weitere oder anderswertige Verwendung dieser nicht ausdr\u00fccklich eingewilligt haben. Auch w\u00e4hrend der Aufbewahrungsfristen k\u00f6nnen Sie Rechte geltend machen, wie z.B. die Sperrung Ihrer Daten. Sehen Sie hierzu Ziff. 9.<\/p><p>4.3 \u00a0\u00a0\u00a0\u00a0\u00a0 Erhebungen von bzw. \u00dcbermittlungen pers\u00f6nlicher Daten an staatliche Einrichtungen und Beh\u00f6rden erfolgen nur im Rahmen zwingender nationaler Rechtsvorschriften.<\/p><p>4.4 \u00a0\u00a0\u00a0\u00a0\u00a0 Des Weiteren werden Ihre Daten zur Abwicklung des Vertragsverh\u00e4ltnisses an diese Unternehmen weitergeleitet:<\/p><p>\u00b7\u00a0\u00a0\u00a0\u00a0\u00a0\u00a0\u00a0\u00a0 Transportunternehmen<\/p><p>\u00b7\u00a0\u00a0\u00a0\u00a0\u00a0\u00a0\u00a0\u00a0 Zahlungsdienstleister<\/p><p>\u00b7\u00a0\u00a0\u00a0\u00a0\u00a0\u00a0\u00a0\u00a0 Steuerberatung<\/p><p>4.5 \u00a0\u00a0\u00a0\u00a0\u00a0 Die Mitarbeiter und Subunternehmer von <strong>Theresa Stern<\/strong> sind vertraglich zur Verschwiegenheit und Beachtung des Datengeheimnisses verpflichtet worden.<\/p><p>4.6 Wir weisen darauf hin, dass unsere Server in Europa stehen.<\/p><p>5.\u00a0\u00a0\u00a0 <strong>Einsatz von Webtracking:<\/strong><\/p><p>Diese Webseite setzt zur Optimierung Ihres Internetauftritts und zur Verbesserung Ihrer Werbema\u00dfnahmen Dienste der Google LLC., 1600 Amphitheatre Parkway, Mountain View, CA 94043, United States, einem Tochterunternehmen der Alphabet Inc., ebenda (im Folgenden: \u201eGoogle\u201c) ein. Der Einsatz dieser Marketingma\u00dfnahmen zur Verbesserung unseres Internetauftritts und unserer Kundenansprache liegt in unserem berechtigten Interesse nach Art. 6 Abs. 1 lit. f der DSGVO.<\/p><p>Google ist Teilnehmer des EU-US Privacy Shield, welcher Mindeststandards f\u00fcr den Schutz pers\u00f6nlicher Daten von Europ\u00e4ern vorschreibt, deren Daten in den USA gespeichert oder verarbeitet werden.<\/p><p>F\u00fcr weitere Informationen \u00fcber die Verarbeitung von Daten durch Google lesen Sie sich bitte die Datenschutzbestimmungen von Google durch.<\/p><p>6.\u00a0\u00a0\u00a0 <strong>Newsletter-Versand:<\/strong><\/p><p><strong>Wir m\u00f6chten Sie gerne 4 x im Jahr mit Neuigkeiten informieren. <\/strong>\u00a0Hierzu ben\u00f6tigt <strong>Theresa Stern <\/strong>Ihre E-Mail-Adresse und Ihren Namen. Sie k\u00f6nnen sich zum Newsletter anmelden, indem Sie diesen \u00fcber die entsprechende Funktion auf unserer Webseite nutzen. Zur Verifizierung wird f\u00fcr den Newsletter-Versand neben Ihrer E-Mail-Adresse und Ihrem Namen, die IP-Adresse sowie das Anmeldedatum gespeichert.<\/p><p>Ferner bekommen Sie von uns eine E-Mail zugesandt, mit welcher Sie aufgefordert werden, Ihre Newsletterbestellung nochmals zu best\u00e4tigen. Er ist mit Aktivierung des in der E-Mail mitgesendeten Hyperlinks wird Ihre E-Mail-Adresse zum Newsletterversand freigeschaltet.<\/p><p>Sie k\u00f6nnen dem Versand des Newsletters jeder Zeit widersprechen. Dazu gen\u00fcgt eine K\u00fcndigung die in jedem Newsletter in der letzten Zeile zu finden ist!<\/p><p><strong>Links zu anderen Websites:<\/strong><\/p><p>Unser Internetauftritt kann Links zu anderen Webseiten enthalten. <strong>Theresa Stern <\/strong>ist f\u00fcr deren Datenschutzerkl\u00e4rungen oder Inhalte nicht verantwortlich.<\/p><p>8.\u00a0\u00a0\u00a0 <strong>Verwendung von Social-PlugIns:<\/strong><\/p><p>Dieses Angebot verwendet Social Plugins (\u201cPlugins\u201d) von Sozialen Netzwerken (im Folgenden SN), die in den folgenden Abschnitten aufgez\u00e4hlt sind.<\/p><p>Wenn Sie eine Webseite unseres Internetauftritts aufrufen, welche ein PlugIn eines SN enth\u00e4lt, baut Ihr Browser eine direkte Verbindung mit den Servern des SN auf. Der Inhalt des PlugIns wird direkt von dem SN an Ihren Browser \u00fcbermittelt und von dort in die Webseite eingebunden. Wir haben daher keinen Einfluss auf den Umfang der Daten, die das jeweilige SN mit Hilfe der PlugIns erhebt. Wir k\u00f6nnen Sie daher nur entsprechend unserem Kenntnisstand informieren.<\/p><p>Durch die Einbindung der PlugIns erh\u00e4lt das SN die Information, dass Sie die entsprechende Seite unseres Internetauftritts aufgerufen haben. Sind Sie als Mitglied bei dem SN eingeloggt, kann das SN den Besuch unserer Webseiten Ihrem Mitgliedskonto bei dem betroffenen SN zuordnen. Wenn Sie mit dem PlugIn interagieren, zum Beispiel die Schaltfl\u00e4che des SN bet\u00e4tigen oder einen Kommentar abgeben, wird die entsprechende Information von Ihrem Browser direkt an das SN \u00fcbermittelt und dort gespeichert.<br \/>Falls Sie kein Mitglied bei dem SN sind, besteht trotzdem die M\u00f6glichkeit, dass das SN Ihre IP-Adresse in Erfahrung bringt und speichert.<\/p><p>Zweck und Umfang der Datenerhebung und die weitere Verarbeitung und Nutzung der Daten durch das jeweilige SN sowie die diesbez\u00fcglichen Rechte und Einstellungsm\u00f6glichkeiten zum Schutz der Privatsph\u00e4re der Nutzer, entnehmen Sie bitte den Datenschutzerkl\u00e4rungen des jeweiligen SN.<\/p><p>Wenn Sie Mitglied eines SN sind und nicht m\u00f6chten, dass das SN \u00fcber unseren Internetauftritt Daten \u00fcber Sie sammelt und mit Ihren Daten bei dem SN verkn\u00fcpft, m\u00fcssen Sie sich vor dem Besuch unseres Internetauftritts bei Ihrem SN ausloggen.<\/p><p>Die folgenden SN unterhalten Server in den USA, an die Ihre Daten weitergeleitet werden: Facebook Inc., Twitter Inc.. Diese SN haben sich dem\u00a0 EU-US Privacy Shield angeschlossen, welcher Mindeststandards f\u00fcr den Schutz pers\u00f6nlicher Daten von Europ\u00e4ern vorschreibt, deren Daten in den USA gespeichert oder verarbeitet werden.<\/p><p>8.1 \u00a0\u00a0\u00a0\u00a0\u00a0 Facebook Inc., 1601 S. California Ave, Palo Alto, CA 94304, USA \u00a0\u00a0\u00a0\u00a0\u00a0\u00a0\u00a0\u00a0\u00a0\u00a0 (\u201cFacebook\u201d):<\/p><p>Die Plugins sind an einem der Facebook Logos erkennbar (wei\u00dfes \u201ef\u201c auf blauer Kachel oder ein \u201eDaumen hoch\u201c-Zeichen) oder sind mit dem Zusatz \u201cFacebook Social Plugin\u201d gekennzeichnet. Die Liste und das Aussehen der Facebook Social Plugins kann hier eingesehen werden.<br \/>Die Datenschutzhinweise von Facebook finden Sie hier. Laut Facebook wird in Deutschland nur eine anonymisierte IP-Adresse gespeichert.<\/p><p>Es ist m\u00f6glich Facebook-Social-Plugins mit Add-ons f\u00fcr Ihren Browser zu blocken, zum Beispiel mit dem \u201cFacebook Blocker\u201d.<\/p><p>8.2 \u00a0\u00a0\u00a0\u00a0\u00a0 Twitter Inc., 795 Folsom St., Suite 600, San Francisco, CA 94107, USA:<\/p><p>PlugIns sind an Begriffen wie \u201cTwitter\u201d oder \u201cFolge\u201d, verbunden mit einem stilisierten blauen Vogel erkennbar. Mit Hilfe der Schaltfl\u00e4chen ist es m\u00f6glich einen Beitrag bei Twitter zu teilen oder dem Anbieter bei Twitter zu folgen. Weitere Informationen zur Datenerhebung finden Sie hier.in der Datenschutzerkl\u00e4rung von Twitter.<\/p><p>9.\u00a0\u00a0\u00a0 <strong>Informationen zu den Nutzerrechten:<\/strong><\/p><p>Auf Aufforderung teilt <strong>Theresa Stern <\/strong>m\u00f6glichst umgehend und schriftlich mit, ob und welche pers\u00f6nlichen Daten \u00fcber Sie bei uns gespeichert sind. Sollten trotz der Bem\u00fchungen um Datenrichtigkeit und Aktualit\u00e4t falsche Daten gespeichert sein, werden diese auf eine entsprechende Aufforderung hin durch uns berichtigt.<\/p><p>Neben diesem Recht auf Berichtigung haben Sie gegebenenfalls ein Recht auf Sperrung und L\u00f6schung der von uns erhobenen personenbezogenen Daten. Es kann sein, dass wir nicht jedem Begehren auf L\u00f6schung aus gesetzlichen Gr\u00fcnden, vor allem aufgrund von steuer- oder handelsrechtlichen Vorschriften, oder aus Gr\u00fcnden der reibungslosen Vertragsabwicklung umgehend nachkommen k\u00f6nnen. Wir werden uns in diesem Fall mit Ihnen in Verbindung setzen und mit Ihnen besprechen, inwieweit wir die Daten zur weiteren Verarbeitung sperren k\u00f6nnen und ab welchen Zeitpunkt eine endg\u00fcltige L\u00f6schung m\u00f6glich ist.<\/p><p>Daneben haben Sie ein Recht darauf, dass wir Ihnen auf Anforderungen die Daten als strukturierte, g\u00e4ngiges und maschinenlesbares Format \u00fcbertragen bzw. auf Ihren ausdr\u00fccklichen Wunsch hin, an einen Dritten weiterleiten.<\/p><p>Sie d\u00fcrfen der Nutzung Ihrer Daten f\u00fcr die Zukunft widersprechen, also f\u00fcr andere oder weitere Zwecke als der Vertragsabwicklung bzw. der Verarbeitung in unserem berechtigten Interesse. Sie d\u00fcrfen insbesondere der Nutzung Ihrer Daten f\u00fcr werbliche Zwecke widersprechen. Sie haben auch das Recht, nur eine Einschr\u00e4nkung der Datennutzung f\u00fcr bestimmte Zwecke zu verlangen.<\/p><p>F\u00fcr den Fall, dass weitere Fragen zur Erhebung, Verarbeitung und Nutzung der personenbezogenen Daten bzw. zur Berichtigung, L\u00f6schung oder Sperrung dieser bestehen sollten, wird um eine Kontaktaufnahme mit Kriemhild Morgenroth gebeten.<\/p><p>Die f\u00fcr uns bzw. f\u00fcr Beschwerden gegen uns zust\u00e4ndige Aufsichtsbeh\u00f6rde ist:<\/p><p>\u00d6sterreichische Datenschutzbeh\u00f6rde<br \/>Wickenburggasse 8<br \/>1080 Wien<\/p><p>Telefon: +43 1 52 152-0<\/p><p>E-Mail:\u00a0<a href=\"mailto:dsb@dsb.gv.at\">dsb@dsb.gv.at<\/a><\/p><p>Theresa Stern, April 2020<\/p>","protected":false},"excerpt":{"rendered":"<p>IMPRESSUM Inhaber dieser Seite und verantwortlich f\u00fcr den Inhalt:\u00a0 Theresa [&hellip;]<\/p>\n","protected":false},"author":1,"featured_media":0,"parent":0,"menu_order":0,"comment_status":"closed","ping_status":"closed","template":"","meta":{"footnotes":""},"class_list":["post-171","page","type-page","status-publish","hentry"],"yoast_head":"<!-- This site is optimized with the Yoast SEO plugin v24.7 - https:\/\/yoast.com\/wordpress\/plugins\/seo\/ -->\n<title>Rechtliches &#187; Die Sattlerin.at<\/title>\n<meta name=\"robots\" content=\"index, follow, max-snippet:-1, max-image-preview:large, max-video-preview:-1\" \/>\n<link rel=\"canonical\" href=\"https:\/\/www.diesattlerin.at\/2020\/impressum\/\" \/>\n<meta property=\"og:locale\" content=\"de_DE\" \/>\n<meta property=\"og:type\" content=\"article\" \/>\n<meta property=\"og:title\" content=\"Rechtliches &#187; Die Sattlerin.at\" \/>\n<meta property=\"og:description\" content=\"IMPRESSUM Inhaber dieser Seite und verantwortlich f\u00fcr den Inhalt:\u00a0 Theresa [&hellip;]\" \/>\n<meta property=\"og:url\" content=\"https:\/\/www.diesattlerin.at\/2020\/impressum\/\" \/>\n<meta property=\"og:site_name\" content=\"Die Sattlerin.at\" \/>\n<meta property=\"article:modified_time\" content=\"2021-06-16T08:50:40+00:00\" \/>\n<meta name=\"twitter:card\" content=\"summary_large_image\" \/>\n<meta name=\"twitter:label1\" content=\"Gesch\u00e4tzte Lesezeit\" \/>\n\t<meta name=\"twitter:data1\" content=\"8\u00a0Minuten\" \/>\n<script type=\"application\/ld+json\" class=\"yoast-schema-graph\">{\"@context\":\"https:\/\/schema.org\",\"@graph\":[{\"@type\":\"WebPage\",\"@id\":\"https:\/\/www.diesattlerin.at\/2020\/impressum\/\",\"url\":\"https:\/\/www.diesattlerin.at\/2020\/impressum\/\",\"name\":\"Rechtliches &#187; Die Sattlerin.at\",\"isPartOf\":{\"@id\":\"https:\/\/www.diesattlerin.at\/2020\/#website\"},\"datePublished\":\"2020-05-03T17:30:32+00:00\",\"dateModified\":\"2021-06-16T08:50:40+00:00\",\"breadcrumb\":{\"@id\":\"https:\/\/www.diesattlerin.at\/2020\/impressum\/#breadcrumb\"},\"inLanguage\":\"de\",\"potentialAction\":[{\"@type\":\"ReadAction\",\"target\":[\"https:\/\/www.diesattlerin.at\/2020\/impressum\/\"]}]},{\"@type\":\"BreadcrumbList\",\"@id\":\"https:\/\/www.diesattlerin.at\/2020\/impressum\/#breadcrumb\",\"itemListElement\":[{\"@type\":\"ListItem\",\"position\":1,\"name\":\"Startseite\",\"item\":\"https:\/\/www.diesattlerin.at\/2020\/\"},{\"@type\":\"ListItem\",\"position\":2,\"name\":\"Rechtliches\"}]},{\"@type\":\"WebSite\",\"@id\":\"https:\/\/www.diesattlerin.at\/2020\/#website\",\"url\":\"https:\/\/www.diesattlerin.at\/2020\/\",\"name\":\"DieSattlerin.at\",\"description\":\"F\u00fcr die peferkte Verbindung zwischen Pferd und Reiter\",\"publisher\":{\"@id\":\"https:\/\/www.diesattlerin.at\/2020\/#\/schema\/person\/b2e347c8d990b2c6625ad3406dab25ae\"},\"potentialAction\":[{\"@type\":\"SearchAction\",\"target\":{\"@type\":\"EntryPoint\",\"urlTemplate\":\"https:\/\/www.diesattlerin.at\/2020\/?s={search_term_string}\"},\"query-input\":{\"@type\":\"PropertyValueSpecification\",\"valueRequired\":true,\"valueName\":\"search_term_string\"}}],\"inLanguage\":\"de\"},{\"@type\":[\"Person\",\"Organization\"],\"@id\":\"https:\/\/www.diesattlerin.at\/2020\/#\/schema\/person\/b2e347c8d990b2c6625ad3406dab25ae\",\"name\":\"Theresa Stern\",\"image\":{\"@type\":\"ImageObject\",\"inLanguage\":\"de\",\"@id\":\"https:\/\/www.diesattlerin.at\/2020\/#\/schema\/person\/image\/\",\"url\":\"https:\/\/secure.gravatar.com\/avatar\/2ace1a28597fedd70ab057b04196cc48c92122397db6802ce72950f59c7e4f35?s=96&d=mm&r=g\",\"contentUrl\":\"https:\/\/secure.gravatar.com\/avatar\/2ace1a28597fedd70ab057b04196cc48c92122397db6802ce72950f59c7e4f35?s=96&d=mm&r=g\",\"caption\":\"Theresa Stern\"},\"logo\":{\"@id\":\"https:\/\/www.diesattlerin.at\/2020\/#\/schema\/person\/image\/\"}}]}<\/script>\n<!-- \/ Yoast SEO plugin. -->","yoast_head_json":{"title":"Rechtliches &#187; Die Sattlerin.at","robots":{"index":"index","follow":"follow","max-snippet":"max-snippet:-1","max-image-preview":"max-image-preview:large","max-video-preview":"max-video-preview:-1"},"canonical":"https:\/\/www.diesattlerin.at\/2020\/impressum\/","og_locale":"de_DE","og_type":"article","og_title":"Rechtliches &#187; Die Sattlerin.at","og_description":"IMPRESSUM Inhaber dieser Seite und verantwortlich f\u00fcr den Inhalt:\u00a0 Theresa [&hellip;]","og_url":"https:\/\/www.diesattlerin.at\/2020\/impressum\/","og_site_name":"Die Sattlerin.at","article_modified_time":"2021-06-16T08:50:40+00:00","twitter_card":"summary_large_image","twitter_misc":{"Gesch\u00e4tzte Lesezeit":"8\u00a0Minuten"},"schema":{"@context":"https:\/\/schema.org","@graph":[{"@type":"WebPage","@id":"https:\/\/www.diesattlerin.at\/2020\/impressum\/","url":"https:\/\/www.diesattlerin.at\/2020\/impressum\/","name":"Rechtliches &#187; Die Sattlerin.at","isPartOf":{"@id":"https:\/\/www.diesattlerin.at\/2020\/#website"},"datePublished":"2020-05-03T17:30:32+00:00","dateModified":"2021-06-16T08:50:40+00:00","breadcrumb":{"@id":"https:\/\/www.diesattlerin.at\/2020\/impressum\/#breadcrumb"},"inLanguage":"de","potentialAction":[{"@type":"ReadAction","target":["https:\/\/www.diesattlerin.at\/2020\/impressum\/"]}]},{"@type":"BreadcrumbList","@id":"https:\/\/www.diesattlerin.at\/2020\/impressum\/#breadcrumb","itemListElement":[{"@type":"ListItem","position":1,"name":"Startseite","item":"https:\/\/www.diesattlerin.at\/2020\/"},{"@type":"ListItem","position":2,"name":"Rechtliches"}]},{"@type":"WebSite","@id":"https:\/\/www.diesattlerin.at\/2020\/#website","url":"https:\/\/www.diesattlerin.at\/2020\/","name":"DieSattlerin.at","description":"F\u00fcr die peferkte Verbindung zwischen Pferd und Reiter","publisher":{"@id":"https:\/\/www.diesattlerin.at\/2020\/#\/schema\/person\/b2e347c8d990b2c6625ad3406dab25ae"},"potentialAction":[{"@type":"SearchAction","target":{"@type":"EntryPoint","urlTemplate":"https:\/\/www.diesattlerin.at\/2020\/?s={search_term_string}"},"query-input":{"@type":"PropertyValueSpecification","valueRequired":true,"valueName":"search_term_string"}}],"inLanguage":"de"},{"@type":["Person","Organization"],"@id":"https:\/\/www.diesattlerin.at\/2020\/#\/schema\/person\/b2e347c8d990b2c6625ad3406dab25ae","name":"Theresa Stern","image":{"@type":"ImageObject","inLanguage":"de","@id":"https:\/\/www.diesattlerin.at\/2020\/#\/schema\/person\/image\/","url":"https:\/\/secure.gravatar.com\/avatar\/2ace1a28597fedd70ab057b04196cc48c92122397db6802ce72950f59c7e4f35?s=96&d=mm&r=g","contentUrl":"https:\/\/secure.gravatar.com\/avatar\/2ace1a28597fedd70ab057b04196cc48c92122397db6802ce72950f59c7e4f35?s=96&d=mm&r=g","caption":"Theresa Stern"},"logo":{"@id":"https:\/\/www.diesattlerin.at\/2020\/#\/schema\/person\/image\/"}}]}},"_links":{"self":[{"href":"https:\/\/www.diesattlerin.at\/2020\/wp-json\/wp\/v2\/pages\/171","targetHints":{"allow":["GET"]}}],"collection":[{"href":"https:\/\/www.diesattlerin.at\/2020\/wp-json\/wp\/v2\/pages"}],"about":[{"href":"https:\/\/www.diesattlerin.at\/2020\/wp-json\/wp\/v2\/types\/page"}],"author":[{"embeddable":true,"href":"https:\/\/www.diesattlerin.at\/2020\/wp-json\/wp\/v2\/users\/1"}],"replies":[{"embeddable":true,"href":"https:\/\/www.diesattlerin.at\/2020\/wp-json\/wp\/v2\/comments?post=171"}],"version-history":[{"count":3,"href":"https:\/\/www.diesattlerin.at\/2020\/wp-json\/wp\/v2\/pages\/171\/revisions"}],"predecessor-version":[{"id":858,"href":"https:\/\/www.diesattlerin.at\/2020\/wp-json\/wp\/v2\/pages\/171\/revisions\/858"}],"wp:attachment":[{"href":"https:\/\/www.diesattlerin.at\/2020\/wp-json\/wp\/v2\/media?parent=171"}],"curies":[{"name":"wp","href":"https:\/\/api.w.org\/{rel}","templated":true}]}}